{"id":995,"date":"2025-12-04T12:42:14","date_gmt":"2025-12-04T11:42:14","guid":{"rendered":"https:\/\/www.yes.bzh\/?page_id=995"},"modified":"2025-12-15T21:18:54","modified_gmt":"2025-12-15T20:18:54","slug":"darempred","status":"publish","type":"page","link":"https:\/\/www.yes.bzh\/br\/darempred\/","title":{"rendered":"Darempred"},"content":{"rendered":"<div data-elementor-type=\"wp-page\" data-elementor-id=\"995\" class=\"elementor elementor-995\">\n\t\t\t\t\t\t<section class=\"penci-section penci-dmcheck penci-elbg-activate penci-disSticky penci-structure-20 elementor-section elementor-top-section elementor-element elementor-element-ec25ee3 elementor-section-content-middle elementor-section-boxed elementor-section-height-default elementor-section-height-default\" data-id=\"ec25ee3\" data-element_type=\"section\" data-settings=\"{&quot;background_background&quot;:&quot;classic&quot;}\">\n\t\t\t\t\t\t<div class=\"elementor-container elementor-column-gap-extended\">\n\t\t\t\t\t<div class=\"penci-ercol-50 penci-ercol-order-1 penci-sticky-ct    elementor-column elementor-col-50 elementor-top-column elementor-element elementor-element-82f2ed3\" data-id=\"82f2ed3\" data-element_type=\"column\">\n\t\t\t<div class=\"elementor-widget-wrap elementor-element-populated\">\n\t\t\t\t\t\t<div class=\"elementor-element elementor-element-1c9978e elementor-widget elementor-widget-penci-fancy_heading\" data-id=\"1c9978e\" data-element_type=\"widget\" data-widget_type=\"penci-fancy_heading.default\">\n\t\t\t\t<div class=\"elementor-widget-container\">\n\t\t\t\t\t\t\t<div class=\"penci-fancy-heading penci-heading-text-left\">\n\t\t\t<div class=\"penci-fancy-heading-inner\">\n\t\t\t\t<h1 class=\"penci-heading-title\"><span class=\"inner-tit\">Kit e darempred ganeomp<\/span><\/h1><div class=\"penci-separator penci-separator- penci-separator-left\"><span class=\"penci-sep_holder penci-sep_holder_l\"><span class=\"penci-sep_line\"><\/span><\/span><span class=\"penci-sep_holder penci-sep_holder_r\"><span class=\"penci-sep_line\"><\/span><\/span><\/div>\t\t\t<\/div>\n\t\t<\/div>\n\t\t\t\t\t\t<\/div>\n\t\t\t\t<\/div>\n\t\t\t\t\t<\/div>\n\t\t<\/div>\n\t\t\t\t<div class=\"penci-ercol-50 penci-ercol-order-2 penci-sticky-ct    elementor-column elementor-col-50 elementor-top-column elementor-element elementor-element-ce3970a\" data-id=\"ce3970a\" data-element_type=\"column\">\n\t\t\t<div class=\"elementor-widget-wrap\">\n\t\t\t\t\t\t\t<\/div>\n\t\t<\/div>\n\t\t\t\t\t<\/div>\n\t\t<\/section>\n\t\t\t\t<section class=\"penci-section penci-disSticky penci-structure-30 elementor-section elementor-top-section elementor-element elementor-element-aaef4d2 elementor-section-content-top elementor-section-boxed elementor-section-height-default elementor-section-height-default\" data-id=\"aaef4d2\" data-element_type=\"section\">\n\t\t\t\t\t\t<div class=\"elementor-container elementor-column-gap-wider\">\n\t\t\t\t\t<div class=\"penci-ercol-33 penci-ercol-order-1 penci-sticky-sb penci-sidebarSC   elementor-column elementor-col-33 elementor-top-column elementor-element elementor-element-cba4a64\" data-id=\"cba4a64\" data-element_type=\"column\">\n\t\t\t<div class=\"elementor-widget-wrap elementor-element-populated\">\n\t\t\t\t\t\t<div class=\"elementor-element elementor-element-b0e3017 elementor-widget elementor-widget-penci-fancy_heading\" data-id=\"b0e3017\" data-element_type=\"widget\" data-widget_type=\"penci-fancy_heading.default\">\n\t\t\t\t<div class=\"elementor-widget-container\">\n\t\t\t\t\t\t\t<div class=\"penci-fancy-heading penci-heading-text-left\">\n\t\t\t<div class=\"penci-fancy-heading-inner\">\n\t\t\t\t<h2 class=\"penci-heading-title\"><span class=\"inner-tit\">Selaou a reomp ac&#039;hanoc&#039;h<\/span><\/h2><div class=\"penci-heading-content entry-content\"><p><strong>Evit kement goulenn a denn da Yes Breizh, implijit ar furmskrid ama\u00f1 dindan.<\/strong><\/p>\n<p>\u2022 Ar gazetennerien hag ar mediao\u00f9 : goulenno\u00f9 atersadenno\u00f9, titouro\u00f9 ofisiel, aozadur an emgavio\u00f9 er mediao\u00f9.<br \/>\n\u2022 Ensavadurio\u00f9 ha kevelerien : eskemmo\u00f9 politikel, goulenno\u00f9 emvodo\u00f9, kenlabour pe goulenno\u00f9 ofisiel.<br \/>\n\u2022 Poellgorio\u00f9 lec\u2019hel : krouidigezh ur poellgor, kudenno\u00f9 aozadurel, goulenn ostilho\u00f9 pe skoazello\u00f9.<\/p>\n<p><strong>Heulia\u00f1 a ra hor skipailh pep kemennadenn gant evezh ha respont a ra ar buana\u00f1 ar gwella\u00f1.<\/strong><\/p>\n<\/div>\t\t\t<\/div>\n\t\t<\/div>\n\t\t\t\t\t\t<\/div>\n\t\t\t\t<\/div>\n\t\t\t\t\t<\/div>\n\t\t<\/div>\n\t\t\t\t<div class=\"penci-ercol-33 penci-ercol-order-2 penci-sticky-sb penci-sidebarSC penci-dmcheck penci-elbg-activate  elementor-column elementor-col-33 elementor-top-column elementor-element elementor-element-72be6a9\" data-id=\"72be6a9\" data-element_type=\"column\" data-settings=\"{&quot;background_background&quot;:&quot;classic&quot;}\">\n\t\t\t<div class=\"elementor-widget-wrap elementor-element-populated\">\n\t\t\t\t\t\t<div class=\"elementor-element elementor-element-a7ac50b elementor-widget elementor-widget-penci-fancy_heading\" data-id=\"a7ac50b\" data-element_type=\"widget\" data-widget_type=\"penci-fancy_heading.default\">\n\t\t\t\t<div class=\"elementor-widget-container\">\n\t\t\t\t\t\t\t<div class=\"penci-fancy-heading penci-heading-text-left\">\n\t\t\t<div class=\"penci-fancy-heading-inner\">\n\t\t\t\t<h2 class=\"penci-heading-title\"><span class=\"inner-tit\">Darempredo\u00f9 ofisiel<\/span><\/h2><div class=\"penci-heading-content entry-content\"><div class=\"contact-infos\" style=\"font-size:16px; line-height:1.6;\">\n<p>    <strong>Postel :<\/strong><br \/>\n    <a href=\"mailto:darempred@yes.bzh\">darempred@yes.bzh<\/a><\/p>\n<p>    <strong>Chomlec&#039;h burev enskrivet :<\/strong><br \/>\n    75 straed ar Rody<br \/>\n    29490 Guipavas<br \/>\nBreizh |<\/p>\n<p><strong>Evit ar skoazello\u00f9 dre dreuzkas bank :<\/strong><br \/>\nEvit abego\u00f9 surentez, ne vez kinniget hor IBAN nemet pa vez goulennet. Kit e darempred ganeomp dre bostel.\n<\/div>\n<\/div>\t\t\t<\/div>\n\t\t<\/div>\n\t\t\t\t\t\t<\/div>\n\t\t\t\t<\/div>\n\t\t\t\t\t<\/div>\n\t\t<\/div>\n\t\t\t\t<div class=\"penci-ercol-33 penci-ercol-order-3 penci-sticky-sb penci-sidebarSC   elementor-column elementor-col-33 elementor-top-column elementor-element elementor-element-65fc0d1\" data-id=\"65fc0d1\" data-element_type=\"column\">\n\t\t\t<div class=\"elementor-widget-wrap elementor-element-populated\">\n\t\t\t\t\t\t<div class=\"elementor-element elementor-element-01a60a1 elementor-widget elementor-widget-penci-fancy_heading\" data-id=\"01a60a1\" data-element_type=\"widget\" data-widget_type=\"penci-fancy_heading.default\">\n\t\t\t\t<div class=\"elementor-widget-container\">\n\t\t\t\t\t\t\t<div class=\"penci-fancy-heading penci-heading-text-left\">\n\t\t\t<div class=\"penci-fancy-heading-inner\">\n\t\t\t\t<h2 class=\"penci-heading-title\"><span class=\"inner-tit\">Rouedado\u00f9 sokial |<\/span><\/h2>\t\t\t<\/div>\n\t\t<\/div>\n\t\t\t\t\t\t<\/div>\n\t\t\t\t<\/div>\n\t\t\t\t<div class=\"elementor-element elementor-element-2a8ed84 elementor-widget elementor-widget-penci-social-media\" data-id=\"2a8ed84\" data-element_type=\"widget\" data-widget_type=\"penci-social-media.default\">\n\t\t\t\t<div class=\"elementor-widget-container\">\n\t\t\t\t\t\t\t<div class=\"penci-block-vc penci-social-media\">\n\t\t\t\t\t\t<div class=\"penci-block_content widget-social pc_alignleft show-text remove-circle\">\n\t\t\t\t\t\t\t\t\t\t<a href=\"https:\/\/www.facebook.com\/YesBreizh\/\" aria-label=\"Facebook\" rel=\"noreferrer noopener\" target=\"_blank\"><i class=\"penci-faicon fa fa-facebook\" ><\/i><span>Facebook<\/span><\/a>\n\t\t\t\t\t\t\t\t\t\t\t\t<a href=\"https:\/\/x.com\/yes_breizh\" aria-label=\"Twitter\" rel=\"noreferrer\" target=\"_blank\"><i class=\"penci-faicon penciicon-x-twitter\" ><\/i><span>Twitter<\/span><\/a>\n\t\t\t\t\t\t\t\t\t\t\t\t<a href=\"https:\/\/www.instagram.com\/yesbreizh\/\" aria-label=\"Instagram\" rel=\"noreferrer noopener\" target=\"_blank\"><i class=\"penci-faicon fa fa-instagram\" ><\/i><span>Instagram<\/span><\/a>\n\t\t\t\t\t\t\t\t\t\t\t\t<a href=\"https:\/\/www.linkedin.com\/company\/yes-breizh\" aria-label=\"LinkedIn\" rel=\"noreferrer noopener\" target=\"_blank\"><i class=\"penci-faicon fa fa-linkedin\" ><\/i><span>LinkedIn<\/span><\/a>\n\t\t\t\t\t\t\t\t\t\t\t\t<a href=\"https:\/\/www.youtube.com\/@YESBREIZH\" aria-label=\"YouTube\" rel=\"noreferrer noopener\" target=\"_blank\"><i class=\"penci-faicon fa fa-youtube-play\" ><\/i><span>YouTube<\/span><\/a>\n\t\t\t\t\t\t\t\t\t<\/div>\n\t\t<\/div>\n\t\t\t\t\t\t<\/div>\n\t\t\t\t<\/div>\n\t\t\t\t\t<\/div>\n\t\t<\/div>\n\t\t\t\t\t<\/div>\n\t\t<\/section>\n\t\t\t\t<section class=\"penci-section penci-dmcheck penci-elbg-activate penci-disSticky penci-structure-10 elementor-section elementor-top-section elementor-element elementor-element-15347d8 elementor-section-content-top elementor-section-boxed elementor-section-height-default elementor-section-height-default\" data-id=\"15347d8\" data-element_type=\"section\" data-settings=\"{&quot;background_background&quot;:&quot;classic&quot;}\">\n\t\t\t\t\t\t<div class=\"elementor-container elementor-column-gap-wider\">\n\t\t\t\t\t<div class=\"penci-ercol-100 penci-ercol-order-1 penci-sticky-ct    elementor-column elementor-col-100 elementor-top-column elementor-element elementor-element-35884e3\" data-id=\"35884e3\" data-element_type=\"column\">\n\t\t\t<div class=\"elementor-widget-wrap elementor-element-populated\">\n\t\t\t\t\t\t<div class=\"elementor-element elementor-element-f413437 elementor-widget elementor-widget-penci-fancy_heading\" data-id=\"f413437\" data-element_type=\"widget\" data-widget_type=\"penci-fancy_heading.default\">\n\t\t\t\t<div class=\"elementor-widget-container\">\n\t\t\t\t\t\t\t<div class=\"penci-fancy-heading penci-heading-text-left\">\n\t\t\t<div class=\"penci-fancy-heading-inner\">\n\t\t\t\t<div class=\"penci-heading-content entry-content\">\n<div class=\"wpcf7 no-js\" id=\"wpcf7-f212-o1\" lang=\"en-US\" dir=\"ltr\" data-wpcf7-id=\"212\">\n<div class=\"screen-reader-response\"><p role=\"status\" aria-live=\"polite\" aria-atomic=\"true\"><\/p> <ul><\/ul><\/div>\n<form action=\"\/br\/wp-json\/wp\/v2\/pages\/995#wpcf7-f212-o1\" method=\"post\" class=\"wpcf7-form init\" aria-label=\"Contact form\" novalidate=\"novalidate\" data-status=\"init\" data-trp-original-action=\"\/br\/wp-json\/wp\/v2\/pages\/995#wpcf7-f212-o1\">\n<fieldset class=\"hidden-fields-container\"><input type=\"hidden\" name=\"_wpcf7\" value=\"212\" \/><input type=\"hidden\" name=\"_wpcf7_version\" value=\"6.1.4\" \/><input type=\"hidden\" name=\"_wpcf7_locale\" value=\"en_US\" \/><input type=\"hidden\" name=\"_wpcf7_unit_tag\" value=\"wpcf7-f212-o1\" \/><input type=\"hidden\" name=\"_wpcf7_container_post\" value=\"0\" \/><input type=\"hidden\" name=\"_wpcf7_posted_data_hash\" value=\"\" \/>\n<\/fieldset>\n<div class=\"yb-contact-form\">\n\t<h3>Ho titouro\u00f9\n\t<\/h3>\n\t<p class=\"yb-row\"><span class=\"yb-field yb-field-half\"><span class=\"wpcf7-form-control-wrap\" data-name=\"your-name\"><input size=\"40\" maxlength=\"400\" class=\"wpcf7-form-control wpcf7-text wpcf7-validates-as-required\" aria-required=\"true\" aria-invalid=\"false\" placeholder=\"Anv klok*\" value=\"\" type=\"text\" name=\"your-name\" \/><\/span><\/span><span class=\"yb-field yb-field-half\"><span class=\"wpcf7-form-control-wrap\" data-name=\"your-email\"><input size=\"40\" maxlength=\"400\" class=\"wpcf7-form-control wpcf7-email wpcf7-validates-as-required wpcf7-text wpcf7-validates-as-email\" aria-required=\"true\" aria-invalid=\"false\" placeholder=\"Chomlec&#039;h postel*\" value=\"\" type=\"email\" name=\"your-email\" \/><\/span><\/span><span class=\"yb-field yb-field-full\"><span class=\"wpcf7-form-control-wrap\" data-name=\"your-phone\"><input size=\"40\" maxlength=\"400\" class=\"wpcf7-form-control wpcf7-tel wpcf7-text wpcf7-validates-as-tel\" aria-invalid=\"false\" placeholder=\"Niverenn bellgomz (dibab)\" value=\"\" type=\"tel\" name=\"your-phone\" \/><\/span><\/span>\n\t<\/p>\n\t<h3>Ho koulenn\n\t<\/h3>\n\t<p class=\"yb-row\"><span class=\"yb-field\"> <label class=\"cf7-contact-label\">Danvez ho darempred<\/label><br \/>\n<span class=\"wpcf7-form-control-wrap\" data-name=\"contact-object\"><select class=\"wpcf7-form-control wpcf7-select wpcf7-validates-as-required\" aria-required=\"true\" aria-invalid=\"false\" name=\"contact-object\"><option value=\"Contact g\u00e9n\u00e9ral\">Darempred hollek<\/option><option value=\"Presse \/ m\u00e9dias\">Gwask \/ media<\/option><option value=\"Institutions \/ collectivit\u00e9s\">Ensavadurio\u00f9 \/ kumuniezhio\u00f9 |<\/option><option value=\"Partenariat\">Kevredigezh<\/option><option value=\"Rejoindre \/ cr\u00e9er un comit\u00e9 local\">Kemer perzh\/kroui\u00f1 ur c&#039;homite lec&#039;hel<\/option><option value=\"Autre demande\">Ur goulenn all<\/option><\/select><\/span><\/span>\n\t<\/p>\n\t<p class=\"yb-row\"><span class=\"yb-field yb-field-full\"><span class=\"wpcf7-form-control-wrap\" data-name=\"your-subject\"><input size=\"40\" maxlength=\"400\" class=\"wpcf7-form-control wpcf7-text\" aria-invalid=\"false\" placeholder=\"Danvez (dibab)\" value=\"\" type=\"text\" name=\"your-subject\" \/><\/span><\/span>\n\t<\/p>\n\t<p class=\"yb-row\"><span class=\"yb-field yb-field-full\"><span class=\"wpcf7-form-control-wrap\" data-name=\"your-message\"><textarea cols=\"40\" rows=\"10\" maxlength=\"2000\" class=\"wpcf7-form-control wpcf7-textarea wpcf7-validates-as-required\" aria-required=\"true\" aria-invalid=\"false\" placeholder=\"Ho kemennadenn*\" name=\"your-message\"><\/textarea><\/span><\/span>\n\t<\/p>\n\t<p><input type=\"hidden\" name=\"_wpcf7_captcha_challenge_captcha-1\" value=\"2264694035\" \/><img decoding=\"async\" class=\"wpcf7-form-control wpcf7-captchac wpcf7-captcha-captcha-1\" width=\"72\" height=\"24\" alt=\"captcha\" src=\"https:\/\/www.yes.bzh\/wp-content\/uploads\/wpcf7_captcha\/2264694035.png\" title=\"\"><span class=\"wpcf7-form-control-wrap\" data-name=\"captcha-1\"><input size=\"40\" class=\"wpcf7-form-control wpcf7-captchar\" autocomplete=\"off\" aria-invalid=\"false\" placeholder=\"Eila\u00f1 ar c&#039;hod\" value=\"\" type=\"text\" name=\"captcha-1\" \/><\/span>\n\t<\/p>\n\t<p class=\"yb-row yb-submit-row\"><input class=\"wpcf7-form-control wpcf7-submit has-spinner\" type=\"submit\" value=\"Kas\" \/>\n\t<\/p>\n<\/div><p style=\"display: none !important;\" class=\"akismet-fields-container\" data-prefix=\"_wpcf7_ak_\"><label>\u0394<textarea name=\"_wpcf7_ak_hp_textarea\" cols=\"45\" rows=\"8\" maxlength=\"100\"><\/textarea><\/label><input type=\"hidden\" id=\"ak_js_1\" name=\"_wpcf7_ak_js\" value=\"86\"\/><script>document.getElementById( \"ak_js_1\" ).setAttribute( \"value\", ( new Date() ).getTime() );<\/script><\/p><div class=\"wpcf7-response-output\" aria-hidden=\"true\"><\/div>\n<input type=\"hidden\" name=\"trp-form-language\" value=\"br\"\/><\/form>\n<\/div>\n\n<\/div>\t\t\t<\/div>\n\t\t<\/div>\n\t\t\t\t\t\t<\/div>\n\t\t\t\t<\/div>\n\t\t\t\t\t<\/div>\n\t\t<\/div>\n\t\t\t\t\t<\/div>\n\t\t<\/section>\n\t\t\t\t<\/div>","protected":false},"excerpt":{"rendered":"<p>Kit e darempred ganeomp. Ama\u00f1 emaomp evit sikour. Evit kement goulenn a denn da Ya Breizh, implijit ar furmskrid ama\u00f1 dindan. \u2022 Ar gazetennerien hag ar mediao\u00f9 : goulenno\u00f9 atersadenno\u00f9, titouro\u00f9 ofisiel, aoza\u00f1 emgavio\u00f9...<\/p>","protected":false},"author":1,"featured_media":0,"parent":0,"menu_order":0,"comment_status":"closed","ping_status":"closed","template":"page-fullwidth.php","meta":{"_lmt_disableupdate":"","_lmt_disable":"","footnotes":""},"class_list":["post-995","page","type-page","status-publish","hentry"],"_links":{"self":[{"href":"https:\/\/www.yes.bzh\/br\/wp-json\/wp\/v2\/pages\/995","targetHints":{"allow":["GET"]}}],"collection":[{"href":"https:\/\/www.yes.bzh\/br\/wp-json\/wp\/v2\/pages"}],"about":[{"href":"https:\/\/www.yes.bzh\/br\/wp-json\/wp\/v2\/types\/page"}],"author":[{"embeddable":true,"href":"https:\/\/www.yes.bzh\/br\/wp-json\/wp\/v2\/users\/1"}],"replies":[{"embeddable":true,"href":"https:\/\/www.yes.bzh\/br\/wp-json\/wp\/v2\/comments?post=995"}],"version-history":[{"count":37,"href":"https:\/\/www.yes.bzh\/br\/wp-json\/wp\/v2\/pages\/995\/revisions"}],"predecessor-version":[{"id":1376,"href":"https:\/\/www.yes.bzh\/br\/wp-json\/wp\/v2\/pages\/995\/revisions\/1376"}],"wp:attachment":[{"href":"https:\/\/www.yes.bzh\/br\/wp-json\/wp\/v2\/media?parent=995"}],"curies":[{"name":"ur gwerennad dour","href":"https:\/\/api.w.org\/{rel}","templated":true}]}}