{"id":976,"date":"2025-12-04T12:26:23","date_gmt":"2025-12-04T11:26:23","guid":{"rendered":"https:\/\/www.yes.bzh\/?page_id=976"},"modified":"2026-04-12T16:16:57","modified_gmt":"2026-04-12T14:16:57","slug":"testeniou","status":"publish","type":"page","link":"https:\/\/www.yes.bzh\/br\/testeniou\/","title":{"rendered":"Testenio\u00f9"},"content":{"rendered":"<div data-elementor-type=\"wp-page\" data-elementor-id=\"976\" class=\"elementor elementor-976\">\n\t\t\t\t\t\t<section class=\"penci-section penci-dmcheck penci-elbg-activate penci-disSticky penci-structure-20 elementor-section elementor-top-section elementor-element elementor-element-c58e526 elementor-section-content-middle elementor-section-boxed elementor-section-height-default elementor-section-height-default\" data-id=\"c58e526\" data-element_type=\"section\" data-settings=\"{&quot;background_background&quot;:&quot;classic&quot;}\">\n\t\t\t\t\t\t<div class=\"elementor-container elementor-column-gap-extended\">\n\t\t\t\t\t<div class=\"penci-ercol-50 penci-ercol-order-1 penci-sticky-ct    elementor-column elementor-col-50 elementor-top-column elementor-element elementor-element-3f0fb0d\" data-id=\"3f0fb0d\" data-element_type=\"column\">\n\t\t\t<div class=\"elementor-widget-wrap elementor-element-populated\">\n\t\t\t\t\t\t<div class=\"elementor-element elementor-element-c44ac84 elementor-widget elementor-widget-penci-fancy_heading\" data-id=\"c44ac84\" data-element_type=\"widget\" data-widget_type=\"penci-fancy_heading.default\">\n\t\t\t\t<div class=\"elementor-widget-container\">\n\t\t\t\t\t\t\t<div class=\"penci-fancy-heading penci-heading-text-left\">\n\t\t\t<div class=\"penci-fancy-heading-inner\">\n\t\t\t\t<h1 class=\"penci-heading-title\"><span class=\"inner-tit\">Ar Vretoned a zo o komz<\/span><\/h1><div class=\"penci-separator penci-separator- penci-separator-left\"><span class=\"penci-sep_holder penci-sep_holder_l\"><span class=\"penci-sep_line\"><\/span><\/span><span class=\"penci-sep_holder penci-sep_holder_r\"><span class=\"penci-sep_line\"><\/span><\/span><\/div>\t\t\t<\/div>\n\t\t<\/div>\n\t\t\t\t\t\t<\/div>\n\t\t\t\t<\/div>\n\t\t\t\t\t<\/div>\n\t\t<\/div>\n\t\t\t\t<div class=\"penci-ercol-50 penci-ercol-order-2 penci-sticky-ct    elementor-column elementor-col-50 elementor-top-column elementor-element elementor-element-0e19594 elementor-hidden-mobile\" data-id=\"0e19594\" data-element_type=\"column\">\n\t\t\t<div class=\"elementor-widget-wrap elementor-element-populated\">\n\t\t\t\t\t\t<div class=\"elementor-element elementor-element-fcfb1c5 elementor-align-right elementor-widget elementor-widget-button\" data-id=\"fcfb1c5\" data-element_type=\"widget\" data-widget_type=\"button.default\">\n\t\t\t\t\t\t\t\t\t\t<a class=\"elementor-button elementor-button-link elementor-size-sm\" href=\"https:\/\/www.yes.bzh\/br\/raktres-breizh\/\">\n\t\t\t\t\t\t<span class=\"elementor-button-content-wrapper\">\n\t\t\t\t\t\t<span class=\"elementor-button-icon\">\n\t\t\t\t<i aria-hidden=\"true\" class=\"fas fa-long-arrow-alt-right\"><\/i>\t\t\t<\/span>\n\t\t\t\t\t\t\t\t\t<span class=\"elementor-button-text\">Dizoloit ar raktres Yes Breizh<\/span>\n\t\t\t\t\t<\/span>\n\t\t\t\t\t<\/a>\n\t\t\t\t\t\t\t\t<\/div>\n\t\t\t\t\t<\/div>\n\t\t<\/div>\n\t\t\t\t\t<\/div>\n\t\t<\/section>\n\t\t\t\t<section class=\"penci-section penci-disSticky penci-structure-10 elementor-section elementor-top-section elementor-element elementor-element-1860454 elementor-section-content-top elementor-section-boxed elementor-section-height-default elementor-section-height-default\" data-id=\"1860454\" data-element_type=\"section\">\n\t\t\t\t\t\t<div class=\"elementor-container elementor-column-gap-wider\">\n\t\t\t\t\t<div class=\"penci-ercol-100 penci-ercol-order-1 penci-sticky-ct    elementor-column elementor-col-100 elementor-top-column elementor-element elementor-element-1702c09\" data-id=\"1702c09\" data-element_type=\"column\">\n\t\t\t<div class=\"elementor-widget-wrap elementor-element-populated\">\n\t\t\t\t\t\t<div class=\"elementor-element elementor-element-a6947b9 elementor-widget elementor-widget-penci-fancy_heading\" data-id=\"a6947b9\" data-element_type=\"widget\" data-widget_type=\"penci-fancy_heading.default\">\n\t\t\t\t<div class=\"elementor-widget-container\">\n\t\t\t\t\t\t\t<div class=\"penci-fancy-heading penci-heading-text-left\">\n\t\t\t<div class=\"penci-fancy-heading-inner\">\n\t\t\t\t<div class=\"penci-heading-content entry-content\"><p><strong>Yes Breizh, n\u2019eo ket ur mennozh abstrak : ur gwirvoud bevet gant merc\u2019hed ha gwazed eo hag a fell dezho kaout Breizh muioc\u2019h kiriek, doujusoc\u2019h gouest d\u2019en em zivizout hec\u2019h-unan.<\/strong><\/p>\n<p>Er pennad-ma\u00f1 e kavoc&#039;h testenio\u00f9 gwirion, eeun, nec&#039;hus a-wecho\u00f9, met gwirion bepred.<br \/>\nKavout a reot ivez an heuliad \u201cMouezhio\u00f9 Breizh\u201d, un dastumad atersadenno\u00f9 berr enno pemp goulenn a ro mouezh da dud engouestlet a orino\u00f9 liesseurt diwar-benn dazont Breizh.<\/p>\n<p>Bretoned a bep seurt a zispleg perak emaint e-barzh, petra a douch outo, petra a esperont evit o bro, ha perak e komz Ya Breizh outo.<\/p>\n<p>Ar mouezhio\u00f9-se a gont eus ar vuhez pemdeziek, eus an doueta\u00f1so\u00f9, eus ar gounnar hag eus an espera\u00f1so\u00f9.<br \/>\nDiskouez a reont liesseurted al luskad, e donder denel, hag ar pezh a vroud anezha\u00f1 e gwirionez : buhez gwirion an dud.<\/p>\n<p>Nevesaet e vez an testenio\u00f9 ingal. <strong>Gallout a rit kinnig ho hini ivez.<\/strong><\/p>\n<\/div>\t\t\t<\/div>\n\t\t<\/div>\n\t\t\t\t\t\t<\/div>\n\t\t\t\t<\/div>\n\t\t\t\t\t<\/div>\n\t\t<\/div>\n\t\t\t\t\t<\/div>\n\t\t<\/section>\n\t\t\t\t<section class=\"penci-section penci-disSticky penci-structure-10 elementor-section elementor-top-section elementor-element elementor-element-85ea3e3 elementor-section-boxed elementor-section-height-default elementor-section-height-default\" data-id=\"85ea3e3\" data-element_type=\"section\">\n\t\t\t\t\t\t<div class=\"elementor-container elementor-column-gap-no\">\n\t\t\t\t\t<div class=\"penci-ercol-100 penci-ercol-order-1 penci-sticky-ct    elementor-column elementor-col-100 elementor-top-column elementor-element elementor-element-2195112\" data-id=\"2195112\" data-element_type=\"column\">\n\t\t\t<div class=\"elementor-widget-wrap elementor-element-populated\">\n\t\t\t\t\t\t<div class=\"elementor-element elementor-element-e7b3ec1 elementor-widget elementor-widget-penci-latest-posts\" data-id=\"e7b3ec1\" data-element_type=\"widget\" data-widget_type=\"penci-latest-posts.default\">\n\t\t\t\t<div class=\"elementor-widget-container\">\n\t\t\t\t\t                <div id=\"pencilatest_posts_88618\" class=\"penci-latest-posts-sc penci-latest-posts-grid penci-latest-posts-el penci-el-mixed-s1 penci-latest-posts-left penci-std-continue-center penci-std-excerpt-center penci-grid-excerpt-left\">\n\t\t\t\t\t                    <div class=\"penci-wrapper-posts-ajax\">\n\n                        <div class=\"penci-wrapper-posts-content pwid-default\">\n\n\t\t\t\t\t\t\t\t\t\t\t\t\t\t\t                                <ul data-cols=\"3\" data-tcols=\"2\" data-mcols=\"1\" data-layout=\"grid\"\n                                    class=\"has-d-cols has-t-cols has-m-cols penci-wrapper-data penci-grid penci-shortcode-render\">\t\t\t\t\t\t\t\t\t\t\t\t\t\t\t\t\t\t\t\t\t\t\t\t\t\t\t\t\t<li class=\"grid-style\">\n    <article id=\"post-1590\" class=\"item hentry\">\n\t\t            <div class=\"thumbnail\">\n\t\t\t\t\t\t\t\t                    <a class=\"penci-image-holder penci-lazy\"\n                       data-bgset=\"https:\/\/www.yes.bzh\/wp-content\/uploads\/2026\/04\/Samuel_Le_Port_voix_de_Bretagne-585x390.jpg\"\n                       href=\"https:\/\/www.yes.bzh\/br\/mouezh-breizh-samuel-kreizenn-niverel-breizh\/\" title=\"Mouezh Breizh: 5 goulenn gant Samuel Le Port diwar-benn ar souverenelezh niverel e Breizh\">\n                    <\/a>\n\t\t\t\t\n\t\t\t\t\t\t\t\t\t\t\t\t\t\t\t\t\t\t\t\t\t\t\t\t\t\t\t\t\t\t\t\t\t            <\/div>\n\t\t\n        <div class=\"grid-header-box\">\n\t\t\t                <span class=\"cat\"><a style=\"\" class=\"penci-cat-name penci-cat-15\" href=\"https:\/\/www.yes.bzh\/br\/rummad\/testeniou\/\"  rel=\"category tag\"><span style=\"\">Testenio\u00f9<\/span><\/a><\/span>\n\t\t\t\n            <h2 class=\"penci-entry-title entry-title grid-title penci_grid_title_df\"><a\n                        href=\"https:\/\/www.yes.bzh\/br\/mouezh-breizh-samuel-kreizenn-niverel-breizh\/\">Mouezh Breizh: 5 goulenn gant Samuel Le Port diwar-benn ar souverenelezh niverel e Breizh<\/a>\n            <\/h2>\n\t\t\t\t\t\t\t\t<div class=\"penci-hide-tagupdated\">\n\t\t\t<span class=\"author-italic author vcard\">eus \t\t\t\t\t\t\t\t\t\t<a class=\"author-url url fn n\"\n\t\t\t\t\t\t\t\t\t\t\thref=\"https:\/\/www.yes.bzh\/br\/auteur\/admin\/\">Yes Breizh<\/a>\n\t\t\t\t\t\t\t\t\t<\/span>\n\t\t\t<time class=\"entry-date published\" datetime=\"2026-04-12T16:20:40+02:00\">12 Ebrel 2026<\/time>\t\t<\/div>\n\t\t\t\t\t\t                <div class=\"grid-post-box-meta\">\n\t\t\t\t\t\t\t\t\t\t                        <span class=\"otherl-date-author author-italic author vcard\">eus                                 <a class=\"author-url url fn n\"\n                                   href=\"https:\/\/www.yes.bzh\/br\/auteur\/admin\/\">Yes Breizh<\/a>\n\t\t\t\t\t\t\t<\/span>\n\t\t\t\t\t\t\t\t\t\t                        <span class=\"otherl-date\"><time class=\"entry-date published\" datetime=\"2026-04-12T16:20:40+02:00\">12 Ebrel 2026<\/time><\/span>\n\t\t\t\t\t\t\t\t\t\t\t\t\t\t\t\t\t\t\t\t\t\t\t\t\t\t\t\t\t\t                <\/div>\n\t\t\t        <\/div>\n\n\t\t\n\t\t            <div class=\"penci-readmore-btn penci-btn-make-button penci-btn-align-left\">\n                <a class=\"penci-btn-readmore\"\n                   href=\"https:\/\/www.yes.bzh\/br\/mouezh-breizh-samuel-kreizenn-niverel-breizh\/\">Lenn muioc&#039;h<i class=\"penci-faicon fa fa-angle-double-right\" ><\/i><\/a>\n            <\/div>\n\t\t\n\t\t    <\/article>\n<\/li>\n<li class=\"grid-style\">\n    <article id=\"post-1002\" class=\"item hentry\">\n\t\t            <div class=\"thumbnail\">\n\t\t\t\t\t\t\t\t                    <a class=\"penci-image-holder penci-lazy\"\n                       data-bgset=\"https:\/\/www.yes.bzh\/wp-content\/uploads\/2025\/12\/Voix-de-Bretagne_Yvan_Moullec-585x390.jpg\"\n                       href=\"https:\/\/www.yes.bzh\/br\/atersadenn-gant-yvan-moullec\/\" title=\"Pennad-kaoz gant Yvan Moullec : war-zu ur Republik tiriado\u00f9 e Breizh\">\n                    <\/a>\n\t\t\t\t\n\t\t\t\t\t\t\t\t\t\t\t\t\t\t\t\t\t\t\t\t\t\t\t\t\t\t\t\t\t\t\t\t\t            <\/div>\n\t\t\n        <div class=\"grid-header-box\">\n\t\t\t                <span class=\"cat\"><a style=\"\" class=\"penci-cat-name penci-cat-15\" href=\"https:\/\/www.yes.bzh\/br\/rummad\/testeniou\/\"  rel=\"category tag\"><span style=\"\">Testenio\u00f9<\/span><\/a><\/span>\n\t\t\t\n            <h2 class=\"penci-entry-title entry-title grid-title penci_grid_title_df\"><a\n                        href=\"https:\/\/www.yes.bzh\/br\/atersadenn-gant-yvan-moullec\/\">Pennad-kaoz gant Yvan Moullec : war-zu ur Republik tiriado\u00f9 e Breizh<\/a>\n            <\/h2>\n\t\t\t\t\t\t\t\t<div class=\"penci-hide-tagupdated\">\n\t\t\t<span class=\"author-italic author vcard\">eus \t\t\t\t\t\t\t\t\t\t<a class=\"author-url url fn n\"\n\t\t\t\t\t\t\t\t\t\t\thref=\"https:\/\/www.yes.bzh\/br\/auteur\/admin\/\">Yes Breizh<\/a>\n\t\t\t\t\t\t\t\t\t<\/span>\n\t\t\t<time class=\"entry-date published\" datetime=\"2025-12-04T13:53:29+01:00\">a viz Du 2025<\/time>\t\t<\/div>\n\t\t\t\t\t\t                <div class=\"grid-post-box-meta\">\n\t\t\t\t\t\t\t\t\t\t                        <span class=\"otherl-date-author author-italic author vcard\">eus                                 <a class=\"author-url url fn n\"\n                                   href=\"https:\/\/www.yes.bzh\/br\/auteur\/admin\/\">Yes Breizh<\/a>\n\t\t\t\t\t\t\t<\/span>\n\t\t\t\t\t\t\t\t\t\t                        <span class=\"otherl-date\"><time class=\"entry-date published\" datetime=\"2025-12-04T13:53:29+01:00\">a viz Du 2025<\/time><\/span>\n\t\t\t\t\t\t\t\t\t\t\t\t\t\t\t\t\t\t\t\t\t\t\t\t\t\t\t\t\t\t                <\/div>\n\t\t\t        <\/div>\n\n\t\t\n\t\t            <div class=\"penci-readmore-btn penci-btn-make-button penci-btn-align-left\">\n                <a class=\"penci-btn-readmore\"\n                   href=\"https:\/\/www.yes.bzh\/br\/atersadenn-gant-yvan-moullec\/\">Lenn muioc&#039;h<i class=\"penci-faicon fa fa-angle-double-right\" ><\/i><\/a>\n            <\/div>\n\t\t\n\t\t    <\/article>\n<\/li>\n\n\t\t\t\t\t\t\t\t\t\t\t\t\t\t\t\t\t\t\t\t\t\t\t\t\t\t\t\t<\/ul>\n\t\t\t\t\t\t\t\t\t\t\t\t\t\t\t\t\t\t\t\t\t                        <\/div>\n\n\t\t\t\t\t\t                    <\/div>\n                <\/div>\n\t\t\t            <style>\n                                                                                                                                #pencilatest_posts_88618                .list-post .header-list-style:after,\n                #pencilatest_posts_88618 .grid-header-box:after,\n                #pencilatest_posts_88618 .penci-overlay-over .overlay-header-box:after,\n                #pencilatest_posts_88618 .home-featured-cat-content .first-post .magcat-detail .mag-header:after {\n                    content: none;\n                }\n                #pencilatest_posts_88618                .list-post .header-list-style, #pencilatest_posts_88618 .grid-header-box,\n                #pencilatest_posts_88618 .penci-overlay-over .overlay-header-box,\n                #pencilatest_posts_88618 .home-featured-cat-content .first-post .magcat-detail .mag-header {\n                    padding-bottom: 0;\n                }\n                                                                            <\/style>\n\t\t\t\t\t\t\t<\/div>\n\t\t\t\t<\/div>\n\t\t\t\t\t<\/div>\n\t\t<\/div>\n\t\t\t\t\t<\/div>\n\t\t<\/section>\n\t\t\t\t<\/div>","protected":false},"excerpt":{"rendered":"<p>Komz a ra ar Vretoned. Dizoloit ar raktres Ya Breizh. Ya, n\u2019eo ket Breizh ur mennozh abstrak : ur gwirvoud bevet gant merc\u2019hed ha gwazed a fell dezho\u2026<\/p>","protected":false},"author":1,"featured_media":0,"parent":0,"menu_order":0,"comment_status":"closed","ping_status":"closed","template":"page-fullwidth.php","meta":{"_lmt_disableupdate":"","_lmt_disable":"","footnotes":""},"class_list":["post-976","page","type-page","status-publish","hentry"],"_links":{"self":[{"href":"https:\/\/www.yes.bzh\/br\/wp-json\/wp\/v2\/pages\/976","targetHints":{"allow":["GET"]}}],"collection":[{"href":"https:\/\/www.yes.bzh\/br\/wp-json\/wp\/v2\/pages"}],"about":[{"href":"https:\/\/www.yes.bzh\/br\/wp-json\/wp\/v2\/types\/page"}],"author":[{"embeddable":true,"href":"https:\/\/www.yes.bzh\/br\/wp-json\/wp\/v2\/users\/1"}],"replies":[{"embeddable":true,"href":"https:\/\/www.yes.bzh\/br\/wp-json\/wp\/v2\/comments?post=976"}],"version-history":[{"count":18,"href":"https:\/\/www.yes.bzh\/br\/wp-json\/wp\/v2\/pages\/976\/revisions"}],"predecessor-version":[{"id":1607,"href":"https:\/\/www.yes.bzh\/br\/wp-json\/wp\/v2\/pages\/976\/revisions\/1607"}],"wp:attachment":[{"href":"https:\/\/www.yes.bzh\/br\/wp-json\/wp\/v2\/media?parent=976"}],"curies":[{"name":"ur gwerennad dour","href":"https:\/\/api.w.org\/{rel}","templated":true}]}}