{"id":948,"date":"2025-12-04T12:22:06","date_gmt":"2025-12-04T11:22:06","guid":{"rendered":"https:\/\/www.yes.bzh\/?page_id=948"},"modified":"2025-12-09T14:20:28","modified_gmt":"2025-12-09T13:20:28","slug":"kemennadennou-d-ar-gazetennerien","status":"publish","type":"page","link":"https:\/\/www.yes.bzh\/br\/kemennadennou-d-ar-gazetennerien\/","title":{"rendered":"Hor c'hemennadenno\u00f9"},"content":{"rendered":"<div data-elementor-type=\"wp-page\" data-elementor-id=\"948\" class=\"elementor elementor-948\">\n\t\t\t\t\t\t<section class=\"penci-section penci-dmcheck penci-elbg-activate penci-disSticky penci-structure-20 elementor-section elementor-top-section elementor-element elementor-element-c58e526 elementor-section-content-middle elementor-section-boxed elementor-section-height-default elementor-section-height-default\" data-id=\"c58e526\" data-element_type=\"section\" data-settings=\"{&quot;background_background&quot;:&quot;classic&quot;}\">\n\t\t\t\t\t\t<div class=\"elementor-container elementor-column-gap-extended\">\n\t\t\t\t\t<div class=\"penci-ercol-50 penci-ercol-order-1 penci-sticky-ct    elementor-column elementor-col-50 elementor-top-column elementor-element elementor-element-3f0fb0d\" data-id=\"3f0fb0d\" data-element_type=\"column\">\n\t\t\t<div class=\"elementor-widget-wrap elementor-element-populated\">\n\t\t\t\t\t\t<div class=\"elementor-element elementor-element-c44ac84 elementor-widget elementor-widget-penci-fancy_heading\" data-id=\"c44ac84\" data-element_type=\"widget\" data-widget_type=\"penci-fancy_heading.default\">\n\t\t\t\t<div class=\"elementor-widget-container\">\n\t\t\t\t\t\t\t<div class=\"penci-fancy-heading penci-heading-text-left\">\n\t\t\t<div class=\"penci-fancy-heading-inner\">\n\t\t\t\t<h1 class=\"penci-heading-title\"><span class=\"inner-tit\">Hor c'hemennadenno\u00f9<\/span><\/h1><div class=\"penci-separator penci-separator- penci-separator-left\"><span class=\"penci-sep_holder penci-sep_holder_l\"><span class=\"penci-sep_line\"><\/span><\/span><span class=\"penci-sep_holder penci-sep_holder_r\"><span class=\"penci-sep_line\"><\/span><\/span><\/div>\t\t\t<\/div>\n\t\t<\/div>\n\t\t\t\t\t\t<\/div>\n\t\t\t\t<\/div>\n\t\t\t\t\t<\/div>\n\t\t<\/div>\n\t\t\t\t<div class=\"penci-ercol-50 penci-ercol-order-2 penci-sticky-ct    elementor-column elementor-col-50 elementor-top-column elementor-element elementor-element-0e19594 elementor-hidden-mobile\" data-id=\"0e19594\" data-element_type=\"column\">\n\t\t\t<div class=\"elementor-widget-wrap elementor-element-populated\">\n\t\t\t\t\t\t<div class=\"elementor-element elementor-element-fcfb1c5 elementor-align-right elementor-widget elementor-widget-button\" data-id=\"fcfb1c5\" data-element_type=\"widget\" data-widget_type=\"button.default\">\n\t\t\t\t\t\t\t\t\t\t<a class=\"elementor-button elementor-button-link elementor-size-sm\" href=\"https:\/\/www.yes.bzh\/br\/raktres-breizh\/\">\n\t\t\t\t\t\t<span class=\"elementor-button-content-wrapper\">\n\t\t\t\t\t\t<span class=\"elementor-button-icon\">\n\t\t\t\t<i aria-hidden=\"true\" class=\"fas fa-long-arrow-alt-right\"><\/i>\t\t\t<\/span>\n\t\t\t\t\t\t\t\t\t<span class=\"elementor-button-text\">Dizoloit ar raktres Yes Breizh<\/span>\n\t\t\t\t\t<\/span>\n\t\t\t\t\t<\/a>\n\t\t\t\t\t\t\t\t<\/div>\n\t\t\t\t\t<\/div>\n\t\t<\/div>\n\t\t\t\t\t<\/div>\n\t\t<\/section>\n\t\t\t\t<section class=\"penci-section penci-disSticky penci-structure-10 elementor-section elementor-top-section elementor-element elementor-element-1860454 elementor-section-content-top elementor-section-boxed elementor-section-height-default elementor-section-height-default\" data-id=\"1860454\" data-element_type=\"section\">\n\t\t\t\t\t\t<div class=\"elementor-container elementor-column-gap-wider\">\n\t\t\t\t\t<div class=\"penci-ercol-100 penci-ercol-order-1 penci-sticky-ct    elementor-column elementor-col-100 elementor-top-column elementor-element elementor-element-1702c09\" data-id=\"1702c09\" data-element_type=\"column\">\n\t\t\t<div class=\"elementor-widget-wrap elementor-element-populated\">\n\t\t\t\t\t\t<div class=\"elementor-element elementor-element-a6947b9 elementor-widget elementor-widget-penci-fancy_heading\" data-id=\"a6947b9\" data-element_type=\"widget\" data-widget_type=\"penci-fancy_heading.default\">\n\t\t\t\t<div class=\"elementor-widget-container\">\n\t\t\t\t\t\t\t<div class=\"penci-fancy-heading penci-heading-text-left\">\n\t\t\t<div class=\"penci-fancy-heading-inner\">\n\t\t\t\t<div class=\"penci-heading-content entry-content\"><p><strong>Ya e kelaouenno\u00f9 Breizh e vez kinniget hor savboento\u00f9 ofisiel diwar-benn aferio\u00f9 a-vrema\u00f1 Breizh : armerzh, sevenadur, yezh, endro, yec\u2019hed, politikerezh tiriadel\u2026<\/strong><\/p>\n<p>Sikour a reont ac\u2019hanomp da gompren penaos e vez dielfennet gant al luskad an darvoudo\u00f9 a denn da Vreizh, ha peseurt responto\u00f9 a gavomp ret evit difenn interesto\u00f9 hor bro.<\/p>\n<p>Testenno\u00f9 berr, sklaer, daveenno\u00f9, embannet diouzh an darvoudo\u00f9 a-vrema\u00f1, evit skl\u00earijenna\u00f1, displega\u00f1 ha kinnig.<\/p>\n<\/div>\t\t\t<\/div>\n\t\t<\/div>\n\t\t\t\t\t\t<\/div>\n\t\t\t\t<\/div>\n\t\t\t\t\t<\/div>\n\t\t<\/div>\n\t\t\t\t\t<\/div>\n\t\t<\/section>\n\t\t\t\t<section class=\"penci-section penci-disSticky penci-structure-10 elementor-section elementor-top-section elementor-element elementor-element-85ea3e3 elementor-section-boxed elementor-section-height-default elementor-section-height-default\" data-id=\"85ea3e3\" data-element_type=\"section\">\n\t\t\t\t\t\t<div class=\"elementor-container elementor-column-gap-no\">\n\t\t\t\t\t<div class=\"penci-ercol-100 penci-ercol-order-1 penci-sticky-ct    elementor-column elementor-col-100 elementor-top-column elementor-element elementor-element-2195112\" data-id=\"2195112\" data-element_type=\"column\">\n\t\t\t<div class=\"elementor-widget-wrap elementor-element-populated\">\n\t\t\t\t\t\t<div class=\"elementor-element elementor-element-e7b3ec1 elementor-widget elementor-widget-penci-latest-posts\" data-id=\"e7b3ec1\" data-element_type=\"widget\" data-widget_type=\"penci-latest-posts.default\">\n\t\t\t\t<div class=\"elementor-widget-container\">\n\t\t\t\t\t                <div id=\"pencilatest_posts_49721\" class=\"penci-latest-posts-sc penci-latest-posts-grid penci-latest-posts-el penci-el-mixed-s1 penci-latest-posts-left penci-std-continue-center penci-std-excerpt-center penci-grid-excerpt-left\">\n\t\t\t\t\t                    <div class=\"penci-wrapper-posts-ajax\">\n\n                        <div class=\"penci-wrapper-posts-content pwid-default\">\n\n\t\t\t\t\t\t\t\t\t\t\t\t\t\t\t                                <ul data-cols=\"3\" data-tcols=\"2\" data-mcols=\"1\" data-layout=\"grid\"\n                                    class=\"has-d-cols has-t-cols has-m-cols penci-wrapper-data penci-grid penci-shortcode-render\">\t\t\t\t\t\t\t\t\t\t\t\t\t\t\t\t\t\t\t\t\t\t\t\t\t\t\t\t\t<li class=\"grid-style\">\n    <article id=\"post-1497\" class=\"item hentry\">\n\t\t            <div class=\"thumbnail\">\n\t\t\t\t\t\t\t\t                    <a class=\"penci-image-holder penci-lazy\" data-bgset=\"https:\/\/www.yes.bzh\/wp-content\/uploads\/2026\/02\/Charte_des_valeurs_Yes_Breizh-585x390.jpg\" href=\"https:\/\/www.yes.bzh\/br\/ya-breizh-karta-talvoudou-bezan-ezel-diouzh-ar-chondisionou\/\" title=\"Karta Talvoudegezhio\u00f9 Yes Breizh\">\n                    <\/a>\n\t\t\t\t\n\t\t\t\t\t\t\t\t\t\t\t\t\t\t\t\t\t\t\t\t\t\t\t\t\t\t\t\t\t\t\t\t\t            <\/div>\n\t\t\n        <div class=\"grid-header-box\">\n\t\t\t                <span class=\"cat\"><a style=\"\" class=\"penci-cat-name penci-cat-12\" href=\"https:\/\/www.yes.bzh\/br\/rummad\/kemennadennou-d-ar-gazetennerien\/\" rel=\"category tag\"><span style=\"\">Hor c'hemennadenno\u00f9<\/span><\/a><\/span>\n\t\t\t\n            <h2 class=\"penci-entry-title entry-title grid-title penci_grid_title_df\"><a href=\"https:\/\/www.yes.bzh\/br\/ya-breizh-karta-talvoudou-bezan-ezel-diouzh-ar-chondisionou\/\">Karta Talvoudegezhio\u00f9 Yes Breizh<\/a>\n            <\/h2>\n\t\t\t\t\t\t\t\t<div class=\"penci-hide-tagupdated\">\n\t\t\t<span class=\"author-italic author vcard\">eus \t\t\t\t\t\t\t\t\t\t<a class=\"author-url url fn n\" href=\"https:\/\/www.yes.bzh\/br\/auteur\/admin\/\">Yes Breizh<\/a>\n\t\t\t\t\t\t\t\t\t<\/span>\n\t\t\t<time class=\"entry-date published\" datetime=\"2026-02-18T17:19:44+01:00\">a viz C&#039;hwevrer 2026<\/time>\t\t<\/div>\n\t\t\t\t\t\t                <div class=\"grid-post-box-meta\">\n\t\t\t\t\t\t\t\t\t\t                        <span class=\"otherl-date-author author-italic author vcard\">eus                                 <a class=\"author-url url fn n\" href=\"https:\/\/www.yes.bzh\/br\/auteur\/admin\/\">Yes Breizh<\/a>\n\t\t\t\t\t\t\t<\/span>\n\t\t\t\t\t\t\t\t\t\t                        <span class=\"otherl-date\"><time class=\"entry-date published\" datetime=\"2026-02-18T17:19:44+01:00\">a viz C&#039;hwevrer 2026<\/time><\/span>\n\t\t\t\t\t\t\t\t\t\t\t\t\t\t\t\t\t\t\t\t\t\t\t\t\t\t\t\t\t\t                <\/div>\n\t\t\t        <\/div>\n\n\t\t\n\t\t            <div class=\"penci-readmore-btn penci-btn-make-button penci-btn-align-left\">\n                <a class=\"penci-btn-readmore\" href=\"https:\/\/www.yes.bzh\/br\/ya-breizh-karta-talvoudou-bezan-ezel-diouzh-ar-chondisionou\/\">Lenn muioc&#039;h<i class=\"penci-faicon fa fa-angle-double-right\" ><\/i><\/a>\n            <\/div>\n\t\t\n\t\t    <\/article>\n<\/li>\n<li class=\"grid-style\">\n    <article id=\"post-1394\" class=\"item hentry\">\n\t\t            <div class=\"thumbnail\">\n\t\t\t\t\t\t\t\t                    <a class=\"penci-image-holder penci-lazy\" data-bgset=\"https:\/\/www.yes.bzh\/wp-content\/uploads\/2026\/01\/Voeux_2026_Yes_Breizh-585x390.jpg\" href=\"https:\/\/www.yes.bzh\/br\/ya-breizh-a-gas-deoch-he-gwellan-gourchemennou-evit-2026-ur-gemennadenn-diazez-evit-breizh\/\" title=\"Yes Breizh a gas deoc&#039;h he gwella\u00f1 gourc&#039;hemenno\u00f9 evit 2026, ur gemennadenn ret evit Breizh\">\n                    <\/a>\n\t\t\t\t\n\t\t\t\t\t\t\t\t\t\t\t\t\t\t\t\t\t\t\t\t\t\t\t\t\t\t\t\t\t\t\t\t\t            <\/div>\n\t\t\n        <div class=\"grid-header-box\">\n\t\t\t                <span class=\"cat\"><a style=\"\" class=\"penci-cat-name penci-cat-12\" href=\"https:\/\/www.yes.bzh\/br\/rummad\/kemennadennou-d-ar-gazetennerien\/\" rel=\"category tag\"><span style=\"\">Hor c'hemennadenno\u00f9<\/span><\/a><\/span>\n\t\t\t\n            <h2 class=\"penci-entry-title entry-title grid-title penci_grid_title_df\"><a href=\"https:\/\/www.yes.bzh\/br\/ya-breizh-a-gas-deoch-he-gwellan-gourchemennou-evit-2026-ur-gemennadenn-diazez-evit-breizh\/\">Yes Breizh a gas deoc'h he gwella\u00f1 gourc'hemenno\u00f9 evit 2026, ur gemennadenn ret evit Breizh<\/a>\n            <\/h2>\n\t\t\t\t\t\t\t\t<div class=\"penci-hide-tagupdated\">\n\t\t\t<span class=\"author-italic author vcard\">eus \t\t\t\t\t\t\t\t\t\t<a class=\"author-url url fn n\" href=\"https:\/\/www.yes.bzh\/br\/auteur\/admin\/\">Yes Breizh<\/a>\n\t\t\t\t\t\t\t\t\t<\/span>\n\t\t\t<time class=\"entry-date published\" datetime=\"2026-01-12T16:05:55+01:00\">a viz Genver 2026<\/time>\t\t<\/div>\n\t\t\t\t\t\t                <div class=\"grid-post-box-meta\">\n\t\t\t\t\t\t\t\t\t\t                        <span class=\"otherl-date-author author-italic author vcard\">eus                                 <a class=\"author-url url fn n\" href=\"https:\/\/www.yes.bzh\/br\/auteur\/admin\/\">Yes Breizh<\/a>\n\t\t\t\t\t\t\t<\/span>\n\t\t\t\t\t\t\t\t\t\t                        <span class=\"otherl-date\"><time class=\"entry-date published\" datetime=\"2026-01-12T16:05:55+01:00\">a viz Genver 2026<\/time><\/span>\n\t\t\t\t\t\t\t\t\t\t\t\t\t\t\t\t\t\t\t\t\t\t\t\t\t\t\t\t\t\t                <\/div>\n\t\t\t        <\/div>\n\n\t\t\n\t\t            <div class=\"penci-readmore-btn penci-btn-make-button penci-btn-align-left\">\n                <a class=\"penci-btn-readmore\" href=\"https:\/\/www.yes.bzh\/br\/ya-breizh-a-gas-deoch-he-gwellan-gourchemennou-evit-2026-ur-gemennadenn-diazez-evit-breizh\/\">Lenn muioc&#039;h<i class=\"penci-faicon fa fa-angle-double-right\" ><\/i><\/a>\n            <\/div>\n\t\t\n\t\t    <\/article>\n<\/li>\n<li class=\"grid-style\">\n    <article id=\"post-1008\" class=\"item hentry\">\n\t\t            <div class=\"thumbnail\">\n\t\t\t\t\t\t\t\t                    <a class=\"penci-image-holder penci-lazy\" data-bgset=\"https:\/\/www.yes.bzh\/wp-content\/uploads\/2025\/12\/Yes_Breiz_Yes_Cymru-585x390.jpg\" href=\"https:\/\/www.yes.bzh\/br\/kenlabour-ya-cymru\/\" title=\"Emglev kenlabour etre Yes Cymru ha Yes Breizh\">\n                    <\/a>\n\t\t\t\t\n\t\t\t\t\t\t\t\t\t\t\t\t\t\t\t\t\t\t\t\t\t\t\t\t\t\t\t\t\t\t\t\t\t            <\/div>\n\t\t\n        <div class=\"grid-header-box\">\n\t\t\t                <span class=\"cat\"><a style=\"\" class=\"penci-cat-name penci-cat-12\" href=\"https:\/\/www.yes.bzh\/br\/rummad\/kemennadennou-d-ar-gazetennerien\/\" rel=\"category tag\"><span style=\"\">Hor c'hemennadenno\u00f9<\/span><\/a><\/span>\n\t\t\t\n            <h2 class=\"penci-entry-title entry-title grid-title penci_grid_title_df\"><a href=\"https:\/\/www.yes.bzh\/br\/kenlabour-ya-cymru\/\">Emglev kenlabour etre Yes Cymru ha Yes Breizh<\/a>\n            <\/h2>\n\t\t\t\t\t\t\t\t<div class=\"penci-hide-tagupdated\">\n\t\t\t<span class=\"author-italic author vcard\">eus \t\t\t\t\t\t\t\t\t\t<a class=\"author-url url fn n\" href=\"https:\/\/www.yes.bzh\/br\/auteur\/admin\/\">Yes Breizh<\/a>\n\t\t\t\t\t\t\t\t\t<\/span>\n\t\t\t<time class=\"entry-date published\" datetime=\"2025-12-04T13:57:24+01:00\">a viz Du 2025<\/time>\t\t<\/div>\n\t\t\t\t\t\t                <div class=\"grid-post-box-meta\">\n\t\t\t\t\t\t\t\t\t\t                        <span class=\"otherl-date-author author-italic author vcard\">eus                                 <a class=\"author-url url fn n\" href=\"https:\/\/www.yes.bzh\/br\/auteur\/admin\/\">Yes Breizh<\/a>\n\t\t\t\t\t\t\t<\/span>\n\t\t\t\t\t\t\t\t\t\t                        <span class=\"otherl-date\"><time class=\"entry-date published\" datetime=\"2025-12-04T13:57:24+01:00\">a viz Du 2025<\/time><\/span>\n\t\t\t\t\t\t\t\t\t\t\t\t\t\t\t\t\t\t\t\t\t\t\t\t\t\t\t\t\t\t                <\/div>\n\t\t\t        <\/div>\n\n\t\t\n\t\t            <div class=\"penci-readmore-btn penci-btn-make-button penci-btn-align-left\">\n                <a class=\"penci-btn-readmore\" href=\"https:\/\/www.yes.bzh\/br\/kenlabour-ya-cymru\/\">Lenn muioc&#039;h<i class=\"penci-faicon fa fa-angle-double-right\" ><\/i><\/a>\n            <\/div>\n\t\t\n\t\t    <\/article>\n<\/li>\n<li class=\"grid-style\">\n    <article id=\"post-1005\" class=\"item hentry\">\n\t\t            <div class=\"thumbnail\">\n\t\t\t\t\t\t\t\t                    <a class=\"penci-image-holder penci-lazy\" data-bgset=\"https:\/\/www.yes.bzh\/wp-content\/uploads\/2025\/12\/Yes_Breizh_shop_stal-585x303.jpg\" href=\"https:\/\/www.yes.bzh\/br\/stal-ofisiel\/\" title=\"Yes Breizh a zigor he stal ofisiel a-benn ar fin\">\n                    <\/a>\n\t\t\t\t\n\t\t\t\t\t\t\t\t\t\t\t\t\t\t\t\t\t\t\t\t\t\t\t\t\t\t\t\t\t\t\t\t\t            <\/div>\n\t\t\n        <div class=\"grid-header-box\">\n\t\t\t                <span class=\"cat\"><a style=\"\" class=\"penci-cat-name penci-cat-12\" href=\"https:\/\/www.yes.bzh\/br\/rummad\/kemennadennou-d-ar-gazetennerien\/\" rel=\"category tag\"><span style=\"\">Hor c'hemennadenno\u00f9<\/span><\/a><\/span>\n\t\t\t\n            <h2 class=\"penci-entry-title entry-title grid-title penci_grid_title_df\"><a href=\"https:\/\/www.yes.bzh\/br\/stal-ofisiel\/\">Yes Breizh a zigor he stal ofisiel a-benn ar fin<\/a>\n            <\/h2>\n\t\t\t\t\t\t\t\t<div class=\"penci-hide-tagupdated\">\n\t\t\t<span class=\"author-italic author vcard\">eus \t\t\t\t\t\t\t\t\t\t<a class=\"author-url url fn n\" href=\"https:\/\/www.yes.bzh\/br\/auteur\/admin\/\">Yes Breizh<\/a>\n\t\t\t\t\t\t\t\t\t<\/span>\n\t\t\t<time class=\"entry-date published\" datetime=\"2025-12-04T13:55:02+01:00\">a viz Du 2025<\/time>\t\t<\/div>\n\t\t\t\t\t\t                <div class=\"grid-post-box-meta\">\n\t\t\t\t\t\t\t\t\t\t                        <span class=\"otherl-date-author author-italic author vcard\">eus                                 <a class=\"author-url url fn n\" href=\"https:\/\/www.yes.bzh\/br\/auteur\/admin\/\">Yes Breizh<\/a>\n\t\t\t\t\t\t\t<\/span>\n\t\t\t\t\t\t\t\t\t\t                        <span class=\"otherl-date\"><time class=\"entry-date published\" datetime=\"2025-12-04T13:55:02+01:00\">a viz Du 2025<\/time><\/span>\n\t\t\t\t\t\t\t\t\t\t\t\t\t\t\t\t\t\t\t\t\t\t\t\t\t\t\t\t\t\t                <\/div>\n\t\t\t        <\/div>\n\n\t\t\n\t\t            <div class=\"penci-readmore-btn penci-btn-make-button penci-btn-align-left\">\n                <a class=\"penci-btn-readmore\" href=\"https:\/\/www.yes.bzh\/br\/stal-ofisiel\/\">Lenn muioc&#039;h<i class=\"penci-faicon fa fa-angle-double-right\" ><\/i><\/a>\n            <\/div>\n\t\t\n\t\t    <\/article>\n<\/li>\n<li class=\"grid-style\">\n    <article id=\"post-999\" class=\"item hentry\">\n\t\t            <div class=\"thumbnail\">\n\t\t\t\t\t\t\t\t                    <a class=\"penci-image-holder penci-lazy\" data-bgset=\"https:\/\/www.yes.bzh\/wp-content\/uploads\/2025\/12\/Ya_Breizh_Yes_Breizh-585x390.jpg\" href=\"https:\/\/www.yes.bzh\/br\/ya-breizh\/\" title=\"Perak Yes Breizh ha n&#039;eo ket Ya Breizh ? Displegadur\">\n                    <\/a>\n\t\t\t\t\n\t\t\t\t\t\t\t\t\t\t\t\t\t\t\t\t\t\t\t\t\t\t\t\t\t\t\t\t\t\t\t\t\t            <\/div>\n\t\t\n        <div class=\"grid-header-box\">\n\t\t\t                <span class=\"cat\"><a style=\"\" class=\"penci-cat-name penci-cat-12\" href=\"https:\/\/www.yes.bzh\/br\/rummad\/kemennadennou-d-ar-gazetennerien\/\" rel=\"category tag\"><span style=\"\">Hor c'hemennadenno\u00f9<\/span><\/a><\/span>\n\t\t\t\n            <h2 class=\"penci-entry-title entry-title grid-title penci_grid_title_df\"><a href=\"https:\/\/www.yes.bzh\/br\/ya-breizh\/\">Perak Yes Breizh ha n'eo ket Ya Breizh ? Displegadur<\/a>\n            <\/h2>\n\t\t\t\t\t\t\t\t<div class=\"penci-hide-tagupdated\">\n\t\t\t<span class=\"author-italic author vcard\">eus \t\t\t\t\t\t\t\t\t\t<a class=\"author-url url fn n\" href=\"https:\/\/www.yes.bzh\/br\/auteur\/admin\/\">Yes Breizh<\/a>\n\t\t\t\t\t\t\t\t\t<\/span>\n\t\t\t<time class=\"entry-date published\" datetime=\"2025-12-04T13:48:50+01:00\">a viz Du 2025<\/time>\t\t<\/div>\n\t\t\t\t\t\t                <div class=\"grid-post-box-meta\">\n\t\t\t\t\t\t\t\t\t\t                        <span class=\"otherl-date-author author-italic author vcard\">eus                                 <a class=\"author-url url fn n\" href=\"https:\/\/www.yes.bzh\/br\/auteur\/admin\/\">Yes Breizh<\/a>\n\t\t\t\t\t\t\t<\/span>\n\t\t\t\t\t\t\t\t\t\t                        <span class=\"otherl-date\"><time class=\"entry-date published\" datetime=\"2025-12-04T13:48:50+01:00\">a viz Du 2025<\/time><\/span>\n\t\t\t\t\t\t\t\t\t\t\t\t\t\t\t\t\t\t\t\t\t\t\t\t\t\t\t\t\t\t                <\/div>\n\t\t\t        <\/div>\n\n\t\t\n\t\t            <div class=\"penci-readmore-btn penci-btn-make-button penci-btn-align-left\">\n                <a class=\"penci-btn-readmore\" href=\"https:\/\/www.yes.bzh\/br\/ya-breizh\/\">Lenn muioc&#039;h<i class=\"penci-faicon fa fa-angle-double-right\" ><\/i><\/a>\n            <\/div>\n\t\t\n\t\t    <\/article>\n<\/li>\n\n\t\t\t\t\t\t\t\t\t\t\t\t\t\t\t\t\t\t\t\t\t\t\t\t\t\t\t\t<\/ul>\n\t\t\t\t\t\t\t\t\t\t\t\t\t\t\t\t\t\t\t\t\t                        <\/div>\n\n\t\t\t\t\t\t                    <\/div>\n                <\/div>\n\t\t\t            <style>\n                                                                                                                                #pencilatest_posts_49721                .list-post .header-list-style:after,\n                #pencilatest_posts_49721 .grid-header-box:after,\n                #pencilatest_posts_49721 .penci-overlay-over .overlay-header-box:after,\n                #pencilatest_posts_49721 .home-featured-cat-content .first-post .magcat-detail .mag-header:after {\n                    content: none;\n                }\n                #pencilatest_posts_49721                .list-post .header-list-style, #pencilatest_posts_49721 .grid-header-box,\n                #pencilatest_posts_49721 .penci-overlay-over .overlay-header-box,\n                #pencilatest_posts_49721 .home-featured-cat-content .first-post .magcat-detail .mag-header {\n                    padding-bottom: 0;\n                }\n                                                                            <\/style>\n\t\t\t\t\t\t\t<\/div>\n\t\t\t\t<\/div>\n\t\t\t\t\t<\/div>\n\t\t<\/div>\n\t\t\t\t\t<\/div>\n\t\t<\/section>\n\t\t\t\t<\/div>","protected":false},"excerpt":{"rendered":"<p>Kemennadenno\u00f9 d&#039;ar gazetennerien Dizoloit ar raktres Ya Breizh Kemennadenno\u00f9 d&#039;ar gazetennerien Ya Breizh a ginnig hor savboento\u00f9 ofisiel diwar-benn an darvoudo\u00f9 a-vrema\u00f1 e Breizh : armerzh, sevenadur, yezh, endro, yec&#039;hed, politikerezh tiriadel\u2026 Aotren a reont\u2026<\/p>","protected":false},"author":1,"featured_media":0,"parent":0,"menu_order":0,"comment_status":"closed","ping_status":"closed","template":"page-fullwidth.php","meta":{"_lmt_disableupdate":"","_lmt_disable":"","footnotes":""},"class_list":["post-948","page","type-page","status-publish","hentry"],"_links":{"self":[{"href":"https:\/\/www.yes.bzh\/br\/wp-json\/wp\/v2\/pages\/948","targetHints":{"allow":["GET"]}}],"collection":[{"href":"https:\/\/www.yes.bzh\/br\/wp-json\/wp\/v2\/pages"}],"about":[{"href":"https:\/\/www.yes.bzh\/br\/wp-json\/wp\/v2\/types\/page"}],"author":[{"embeddable":true,"href":"https:\/\/www.yes.bzh\/br\/wp-json\/wp\/v2\/users\/1"}],"replies":[{"embeddable":true,"href":"https:\/\/www.yes.bzh\/br\/wp-json\/wp\/v2\/comments?post=948"}],"version-history":[{"count":13,"href":"https:\/\/www.yes.bzh\/br\/wp-json\/wp\/v2\/pages\/948\/revisions"}],"predecessor-version":[{"id":1333,"href":"https:\/\/www.yes.bzh\/br\/wp-json\/wp\/v2\/pages\/948\/revisions\/1333"}],"wp:attachment":[{"href":"https:\/\/www.yes.bzh\/br\/wp-json\/wp\/v2\/media?parent=948"}],"curies":[{"name":"ur gwerennad dour","href":"https:\/\/api.w.org\/{rel}","templated":true}]}}