{"id":943,"date":"2025-12-04T12:18:36","date_gmt":"2025-12-04T11:18:36","guid":{"rendered":"https:\/\/www.yes.bzh\/?page_id=943"},"modified":"2025-12-09T14:20:14","modified_gmt":"2025-12-09T13:20:14","slug":"dielfennaduriou","status":"publish","type":"page","link":"https:\/\/www.yes.bzh\/br\/dielfennaduriou\/","title":{"rendered":"Dielfennadurio\u00f9"},"content":{"rendered":"<div data-elementor-type=\"wp-page\" data-elementor-id=\"943\" class=\"elementor elementor-943\">\n\t\t\t\t\t\t<section class=\"penci-section penci-dmcheck penci-elbg-activate penci-disSticky penci-structure-20 elementor-section elementor-top-section elementor-element elementor-element-c58e526 elementor-section-content-middle elementor-section-boxed elementor-section-height-default elementor-section-height-default\" data-id=\"c58e526\" data-element_type=\"section\" data-settings=\"{&quot;background_background&quot;:&quot;classic&quot;}\">\n\t\t\t\t\t\t<div class=\"elementor-container elementor-column-gap-extended\">\n\t\t\t\t\t<div class=\"penci-ercol-50 penci-ercol-order-1 penci-sticky-ct    elementor-column elementor-col-50 elementor-top-column elementor-element elementor-element-3f0fb0d\" data-id=\"3f0fb0d\" data-element_type=\"column\">\n\t\t\t<div class=\"elementor-widget-wrap elementor-element-populated\">\n\t\t\t\t\t\t<div class=\"elementor-element elementor-element-c44ac84 elementor-widget elementor-widget-penci-fancy_heading\" data-id=\"c44ac84\" data-element_type=\"widget\" data-widget_type=\"penci-fancy_heading.default\">\n\t\t\t\t<div class=\"elementor-widget-container\">\n\t\t\t\t\t\t\t<div class=\"penci-fancy-heading penci-heading-text-left\">\n\t\t\t<div class=\"penci-fancy-heading-inner\">\n\t\t\t\t<h1 class=\"penci-heading-title\"><span class=\"inner-tit\">Dielfennadurio\u00f9<\/span><\/h1><div class=\"penci-separator penci-separator- penci-separator-left\"><span class=\"penci-sep_holder penci-sep_holder_l\"><span class=\"penci-sep_line\"><\/span><\/span><span class=\"penci-sep_holder penci-sep_holder_r\"><span class=\"penci-sep_line\"><\/span><\/span><\/div>\t\t\t<\/div>\n\t\t<\/div>\n\t\t\t\t\t\t<\/div>\n\t\t\t\t<\/div>\n\t\t\t\t\t<\/div>\n\t\t<\/div>\n\t\t\t\t<div class=\"penci-ercol-50 penci-ercol-order-2 penci-sticky-ct    elementor-column elementor-col-50 elementor-top-column elementor-element elementor-element-0e19594 elementor-hidden-mobile\" data-id=\"0e19594\" data-element_type=\"column\">\n\t\t\t<div class=\"elementor-widget-wrap elementor-element-populated\">\n\t\t\t\t\t\t<div class=\"elementor-element elementor-element-fcfb1c5 elementor-align-right elementor-widget elementor-widget-button\" data-id=\"fcfb1c5\" data-element_type=\"widget\" data-widget_type=\"button.default\">\n\t\t\t\t\t\t\t\t\t\t<a class=\"elementor-button elementor-button-link elementor-size-sm\" href=\"https:\/\/www.yes.bzh\/br\/raktres-breizh\/\">\n\t\t\t\t\t\t<span class=\"elementor-button-content-wrapper\">\n\t\t\t\t\t\t<span class=\"elementor-button-icon\">\n\t\t\t\t<i aria-hidden=\"true\" class=\"fas fa-long-arrow-alt-right\"><\/i>\t\t\t<\/span>\n\t\t\t\t\t\t\t\t\t<span class=\"elementor-button-text\">Dizoloit ar raktres Yes Breizh<\/span>\n\t\t\t\t\t<\/span>\n\t\t\t\t\t<\/a>\n\t\t\t\t\t\t\t\t<\/div>\n\t\t\t\t\t<\/div>\n\t\t<\/div>\n\t\t\t\t\t<\/div>\n\t\t<\/section>\n\t\t\t\t<section class=\"penci-section penci-disSticky penci-structure-10 elementor-section elementor-top-section elementor-element elementor-element-1860454 elementor-section-content-top elementor-section-boxed elementor-section-height-default elementor-section-height-default\" data-id=\"1860454\" data-element_type=\"section\">\n\t\t\t\t\t\t<div class=\"elementor-container elementor-column-gap-wider\">\n\t\t\t\t\t<div class=\"penci-ercol-100 penci-ercol-order-1 penci-sticky-ct    elementor-column elementor-col-100 elementor-top-column elementor-element elementor-element-1702c09\" data-id=\"1702c09\" data-element_type=\"column\">\n\t\t\t<div class=\"elementor-widget-wrap elementor-element-populated\">\n\t\t\t\t\t\t<div class=\"elementor-element elementor-element-a6947b9 elementor-widget elementor-widget-penci-fancy_heading\" data-id=\"a6947b9\" data-element_type=\"widget\" data-widget_type=\"penci-fancy_heading.default\">\n\t\t\t\t<div class=\"elementor-widget-container\">\n\t\t\t\t\t\t\t<div class=\"penci-fancy-heading penci-heading-text-left\">\n\t\t\t<div class=\"penci-fancy-heading-inner\">\n\t\t\t\t<div class=\"penci-heading-content entry-content\"><p>Ama\u00f1 e vez dielfennet, displeget ha kontet istor ar pezh a c\u2019hoarvez e Breizh : kudenno\u00f9 politikel, gwirvoudo\u00f9 war an dachenn, stignado\u00f9 lec\u2019hel, mennozhio\u00f9 nevez.<\/p>\n<p><strong>Kavout a reot pennado\u00f9 fonnus, dielfennadurio\u00f9 aes da gaout, istorio\u00f9 obererezh ha komzo\u00f9 reizh a-wecho\u00f9.<\/strong><\/p>\n<p>Ur pennaenn he\u00f1cha\u00f1 hepken : kompren evit ober gwelloc\u2019h\u2026 ha kas war-raok mennozh ur Vreizh a ziviz muioc\u2019h eviti hec\u2019h-unan.<\/p>\n<\/div>\t\t\t<\/div>\n\t\t<\/div>\n\t\t\t\t\t\t<\/div>\n\t\t\t\t<\/div>\n\t\t\t\t\t<\/div>\n\t\t<\/div>\n\t\t\t\t\t<\/div>\n\t\t<\/section>\n\t\t\t\t<section class=\"penci-section penci-disSticky penci-structure-10 elementor-section elementor-top-section elementor-element elementor-element-85ea3e3 elementor-section-boxed elementor-section-height-default elementor-section-height-default\" data-id=\"85ea3e3\" data-element_type=\"section\">\n\t\t\t\t\t\t<div class=\"elementor-container elementor-column-gap-no\">\n\t\t\t\t\t<div class=\"penci-ercol-100 penci-ercol-order-1 penci-sticky-ct    elementor-column elementor-col-100 elementor-top-column elementor-element elementor-element-2195112\" data-id=\"2195112\" data-element_type=\"column\">\n\t\t\t<div class=\"elementor-widget-wrap elementor-element-populated\">\n\t\t\t\t\t\t<div class=\"elementor-element elementor-element-e7b3ec1 elementor-widget elementor-widget-penci-latest-posts\" data-id=\"e7b3ec1\" data-element_type=\"widget\" data-widget_type=\"penci-latest-posts.default\">\n\t\t\t\t<div class=\"elementor-widget-container\">\n\t\t\t\t\t                <div id=\"pencilatest_posts_40921\" class=\"penci-latest-posts-sc penci-latest-posts-grid penci-latest-posts-el penci-el-mixed-s1 penci-latest-posts-left penci-std-continue-center penci-std-excerpt-center penci-grid-excerpt-left\">\n\t\t\t\t\t                    <div class=\"penci-wrapper-posts-ajax\">\n\n                        <div class=\"penci-wrapper-posts-content pwid-default\">\n\n\t\t\t\t\t\t\t\t\t\t\t\t\t\t\t                                <ul data-cols=\"3\" data-tcols=\"2\" data-mcols=\"1\" data-layout=\"grid\"\n                                    class=\"has-d-cols has-t-cols has-m-cols penci-wrapper-data penci-grid penci-shortcode-render\">\t\t\t\t\t\t\t\t\t\t\t\t\t\t\t\t\t\t\t\t\t\t\t\t\t\t\t\t\t<li class=\"grid-style\">\n    <article id=\"post-1554\" class=\"item hentry\">\n\t\t            <div class=\"thumbnail\">\n\t\t\t\t\t\t\t\t                    <a class=\"penci-image-holder penci-lazy\"\n                       data-bgset=\"https:\/\/www.yes.bzh\/wp-content\/uploads\/2026\/03\/Treebal_Yes_breizh-585x390.jpg\"\n                       href=\"https:\/\/www.yes.bzh\/br\/servij-kemennaduriou-breizhveuriat-treebal\/\" title=\"Perak Yes Breizh a implij ar servij kemennadurio\u00f9 breizhveuriat Treebal\">\n                    <\/a>\n\t\t\t\t\n\t\t\t\t\t\t\t\t\t\t\t\t\t\t\t\t\t\t\t\t\t\t\t\t\t\t\t\t\t\t\t\t\t            <\/div>\n\t\t\n        <div class=\"grid-header-box\">\n\t\t\t                <span class=\"cat\"><a style=\"\" class=\"penci-cat-name penci-cat-11\" href=\"https:\/\/www.yes.bzh\/br\/rummad\/dielfennaduriou\/\"  rel=\"category tag\"><span style=\"\">Dielfennadurio\u00f9<\/span><\/a><\/span>\n\t\t\t\n            <h2 class=\"penci-entry-title entry-title grid-title penci_grid_title_df\"><a\n                        href=\"https:\/\/www.yes.bzh\/br\/servij-kemennaduriou-breizhveuriat-treebal\/\">Perak Yes Breizh a implij ar servij kemennadurio\u00f9 breizhveuriat Treebal<\/a>\n            <\/h2>\n\t\t\t\t\t\t\t\t<div class=\"penci-hide-tagupdated\">\n\t\t\t<span class=\"author-italic author vcard\">eus \t\t\t\t\t\t\t\t\t\t<a class=\"author-url url fn n\"\n\t\t\t\t\t\t\t\t\t\t\thref=\"https:\/\/www.yes.bzh\/br\/auteur\/admin\/\">Yes Breizh<\/a>\n\t\t\t\t\t\t\t\t\t<\/span>\n\t\t\t<time class=\"entry-date published\" datetime=\"2026-03-07T12:26:41+01:00\">7 a viz Meurzh 2026<\/time>\t\t<\/div>\n\t\t\t\t\t\t                <div class=\"grid-post-box-meta\">\n\t\t\t\t\t\t\t\t\t\t                        <span class=\"otherl-date-author author-italic author vcard\">eus                                 <a class=\"author-url url fn n\"\n                                   href=\"https:\/\/www.yes.bzh\/br\/auteur\/admin\/\">Yes Breizh<\/a>\n\t\t\t\t\t\t\t<\/span>\n\t\t\t\t\t\t\t\t\t\t                        <span class=\"otherl-date\"><time class=\"entry-date published\" datetime=\"2026-03-07T12:26:41+01:00\">7 a viz Meurzh 2026<\/time><\/span>\n\t\t\t\t\t\t\t\t\t\t\t\t\t\t\t\t\t\t\t\t\t\t\t\t\t\t\t\t\t\t                <\/div>\n\t\t\t        <\/div>\n\n\t\t\n\t\t            <div class=\"penci-readmore-btn penci-btn-make-button penci-btn-align-left\">\n                <a class=\"penci-btn-readmore\"\n                   href=\"https:\/\/www.yes.bzh\/br\/servij-kemennaduriou-breizhveuriat-treebal\/\">Lenn muioc&#039;h<i class=\"penci-faicon fa fa-angle-double-right\" ><\/i><\/a>\n            <\/div>\n\t\t\n\t\t    <\/article>\n<\/li>\n<li class=\"grid-style\">\n    <article id=\"post-1522\" class=\"item hentry\">\n\t\t            <div class=\"thumbnail\">\n\t\t\t\t\t\t\t\t                    <a class=\"penci-image-holder penci-lazy\"\n                       data-bgset=\"https:\/\/www.yes.bzh\/wp-content\/uploads\/2026\/02\/je_vote_votin_a_ran-585x390.jpg\"\n                       href=\"https:\/\/www.yes.bzh\/br\/dilennadegou-lechel-2026-e-breizh-izel\/\" title=\"Dilennadego\u00f9 lec&#039;hel 2026 e Breizh-Izel\">\n                    <\/a>\n\t\t\t\t\n\t\t\t\t\t\t\t\t\t\t\t\t\t\t\t\t\t\t\t\t\t\t\t\t\t\t\t\t\t\t\t\t\t            <\/div>\n\t\t\n        <div class=\"grid-header-box\">\n\t\t\t                <span class=\"cat\"><a style=\"\" class=\"penci-cat-name penci-cat-11\" href=\"https:\/\/www.yes.bzh\/br\/rummad\/dielfennaduriou\/\"  rel=\"category tag\"><span style=\"\">Dielfennadurio\u00f9<\/span><\/a><\/span>\n\t\t\t\n            <h2 class=\"penci-entry-title entry-title grid-title penci_grid_title_df\"><a\n                        href=\"https:\/\/www.yes.bzh\/br\/dilennadegou-lechel-2026-e-breizh-izel\/\">Dilennadego\u00f9 lec'hel 2026 e Breizh-Izel<\/a>\n            <\/h2>\n\t\t\t\t\t\t\t\t<div class=\"penci-hide-tagupdated\">\n\t\t\t<span class=\"author-italic author vcard\">eus \t\t\t\t\t\t\t\t\t\t<a class=\"author-url url fn n\"\n\t\t\t\t\t\t\t\t\t\t\thref=\"https:\/\/www.yes.bzh\/br\/auteur\/admin\/\">Yes Breizh<\/a>\n\t\t\t\t\t\t\t\t\t<\/span>\n\t\t\t<time class=\"entry-date published\" datetime=\"2026-03-01T12:31:05+01:00\">1a\u00f1 a viz Meurzh 2026<\/time>\t\t<\/div>\n\t\t\t\t\t\t                <div class=\"grid-post-box-meta\">\n\t\t\t\t\t\t\t\t\t\t                        <span class=\"otherl-date-author author-italic author vcard\">eus                                 <a class=\"author-url url fn n\"\n                                   href=\"https:\/\/www.yes.bzh\/br\/auteur\/admin\/\">Yes Breizh<\/a>\n\t\t\t\t\t\t\t<\/span>\n\t\t\t\t\t\t\t\t\t\t                        <span class=\"otherl-date\"><time class=\"entry-date published\" datetime=\"2026-03-01T12:31:05+01:00\">1a\u00f1 a viz Meurzh 2026<\/time><\/span>\n\t\t\t\t\t\t\t\t\t\t\t\t\t\t\t\t\t\t\t\t\t\t\t\t\t\t\t\t\t\t                <\/div>\n\t\t\t        <\/div>\n\n\t\t\n\t\t            <div class=\"penci-readmore-btn penci-btn-make-button penci-btn-align-left\">\n                <a class=\"penci-btn-readmore\"\n                   href=\"https:\/\/www.yes.bzh\/br\/dilennadegou-lechel-2026-e-breizh-izel\/\">Lenn muioc&#039;h<i class=\"penci-faicon fa fa-angle-double-right\" ><\/i><\/a>\n            <\/div>\n\t\t\n\t\t    <\/article>\n<\/li>\n<li class=\"grid-style\">\n    <article id=\"post-990\" class=\"item hentry\">\n\t\t            <div class=\"thumbnail\">\n\t\t\t\t\t\t\t\t                    <a class=\"penci-image-holder penci-lazy\"\n                       data-bgset=\"https:\/\/www.yes.bzh\/wp-content\/uploads\/2025\/12\/Visuel_devolution_Yes_Breizh-585x390.jpg\"\n                       href=\"https:\/\/www.yes.bzh\/br\/distro-galloud-e-breizh-iwerzhon\/\" title=\"Dereadur e Breizh : termenadur, taolio\u00f9-arnod ha patrom evit an dazont\">\n                    <\/a>\n\t\t\t\t\n\t\t\t\t\t\t\t\t\t\t\t\t\t\t\t\t\t\t\t\t\t\t\t\t\t\t\t\t\t\t\t\t\t            <\/div>\n\t\t\n        <div class=\"grid-header-box\">\n\t\t\t                <span class=\"cat\"><a style=\"\" class=\"penci-cat-name penci-cat-11\" href=\"https:\/\/www.yes.bzh\/br\/rummad\/dielfennaduriou\/\"  rel=\"category tag\"><span style=\"\">Dielfennadurio\u00f9<\/span><\/a><\/span>\n\t\t\t\n            <h2 class=\"penci-entry-title entry-title grid-title penci_grid_title_df\"><a\n                        href=\"https:\/\/www.yes.bzh\/br\/distro-galloud-e-breizh-iwerzhon\/\">Dereadur e Breizh : termenadur, taolio\u00f9-arnod ha patrom evit an dazont<\/a>\n            <\/h2>\n\t\t\t\t\t\t\t\t<div class=\"penci-hide-tagupdated\">\n\t\t\t<span class=\"author-italic author vcard\">eus \t\t\t\t\t\t\t\t\t\t<a class=\"author-url url fn n\"\n\t\t\t\t\t\t\t\t\t\t\thref=\"https:\/\/www.yes.bzh\/br\/auteur\/admin\/\">Yes Breizh<\/a>\n\t\t\t\t\t\t\t\t\t<\/span>\n\t\t\t<time class=\"entry-date published\" datetime=\"2025-12-04T12:33:03+01:00\">a viz Du 2025<\/time>\t\t<\/div>\n\t\t\t\t\t\t                <div class=\"grid-post-box-meta\">\n\t\t\t\t\t\t\t\t\t\t                        <span class=\"otherl-date-author author-italic author vcard\">eus                                 <a class=\"author-url url fn n\"\n                                   href=\"https:\/\/www.yes.bzh\/br\/auteur\/admin\/\">Yes Breizh<\/a>\n\t\t\t\t\t\t\t<\/span>\n\t\t\t\t\t\t\t\t\t\t                        <span class=\"otherl-date\"><time class=\"entry-date published\" datetime=\"2025-12-04T12:33:03+01:00\">a viz Du 2025<\/time><\/span>\n\t\t\t\t\t\t\t\t\t\t\t\t\t\t\t\t\t\t\t\t\t\t\t\t\t\t\t\t\t\t                <\/div>\n\t\t\t        <\/div>\n\n\t\t\n\t\t            <div class=\"penci-readmore-btn penci-btn-make-button penci-btn-align-left\">\n                <a class=\"penci-btn-readmore\"\n                   href=\"https:\/\/www.yes.bzh\/br\/distro-galloud-e-breizh-iwerzhon\/\">Lenn muioc&#039;h<i class=\"penci-faicon fa fa-angle-double-right\" ><\/i><\/a>\n            <\/div>\n\t\t\n\t\t    <\/article>\n<\/li>\n\n\t\t\t\t\t\t\t\t\t\t\t\t\t\t\t\t\t\t\t\t\t\t\t\t\t\t\t\t<\/ul>\n\t\t\t\t\t\t\t\t\t\t\t\t\t\t\t\t\t\t\t\t\t                        <\/div>\n\n\t\t\t\t\t\t                    <\/div>\n                <\/div>\n\t\t\t            <style>\n                                                                                                                                #pencilatest_posts_40921                .list-post .header-list-style:after,\n                #pencilatest_posts_40921 .grid-header-box:after,\n                #pencilatest_posts_40921 .penci-overlay-over .overlay-header-box:after,\n                #pencilatest_posts_40921 .home-featured-cat-content .first-post .magcat-detail .mag-header:after {\n                    content: none;\n                }\n                #pencilatest_posts_40921                .list-post .header-list-style, #pencilatest_posts_40921 .grid-header-box,\n                #pencilatest_posts_40921 .penci-overlay-over .overlay-header-box,\n                #pencilatest_posts_40921 .home-featured-cat-content .first-post .magcat-detail .mag-header {\n                    padding-bottom: 0;\n                }\n                                                                            <\/style>\n\t\t\t\t\t\t\t<\/div>\n\t\t\t\t<\/div>\n\t\t\t\t\t<\/div>\n\t\t<\/div>\n\t\t\t\t\t<\/div>\n\t\t<\/section>\n\t\t\t\t<\/div>","protected":false},"excerpt":{"rendered":"<p>Dielfennadur Dizoloit ar raktres Ya Breizh Ama\u00f1 e vez dielfennet, displeget, ha danevellet ar pezh a c\u2019hoarvez e Breizh : kudenno\u00f9 politikel, gwirvoudo\u00f9 war an dachenn, stignado\u00f9 lec\u2019hel, ha mennozhio\u00f9 nevez. Kavout a reot...<\/p>","protected":false},"author":1,"featured_media":0,"parent":0,"menu_order":0,"comment_status":"closed","ping_status":"closed","template":"page-fullwidth.php","meta":{"_lmt_disableupdate":"","_lmt_disable":"","footnotes":""},"class_list":["post-943","page","type-page","status-publish","hentry"],"_links":{"self":[{"href":"https:\/\/www.yes.bzh\/br\/wp-json\/wp\/v2\/pages\/943","targetHints":{"allow":["GET"]}}],"collection":[{"href":"https:\/\/www.yes.bzh\/br\/wp-json\/wp\/v2\/pages"}],"about":[{"href":"https:\/\/www.yes.bzh\/br\/wp-json\/wp\/v2\/types\/page"}],"author":[{"embeddable":true,"href":"https:\/\/www.yes.bzh\/br\/wp-json\/wp\/v2\/users\/1"}],"replies":[{"embeddable":true,"href":"https:\/\/www.yes.bzh\/br\/wp-json\/wp\/v2\/comments?post=943"}],"version-history":[{"count":14,"href":"https:\/\/www.yes.bzh\/br\/wp-json\/wp\/v2\/pages\/943\/revisions"}],"predecessor-version":[{"id":1330,"href":"https:\/\/www.yes.bzh\/br\/wp-json\/wp\/v2\/pages\/943\/revisions\/1330"}],"wp:attachment":[{"href":"https:\/\/www.yes.bzh\/br\/wp-json\/wp\/v2\/media?parent=943"}],"curies":[{"name":"ur gwerennad dour","href":"https:\/\/api.w.org\/{rel}","templated":true}]}}