{"id":896,"date":"2025-12-04T11:46:51","date_gmt":"2025-12-04T10:46:51","guid":{"rendered":"https:\/\/www.yes.bzh\/?page_id=896"},"modified":"2025-12-04T17:01:17","modified_gmt":"2025-12-04T16:01:17","slug":"perak-ya-breizh","status":"publish","type":"page","link":"https:\/\/www.yes.bzh\/br\/perak-ya-breizh\/","title":{"rendered":"Perak Yes Breizh?"},"content":{"rendered":"<div data-elementor-type=\"wp-page\" data-elementor-id=\"896\" class=\"elementor elementor-896\">\n\t\t\t\t\t\t<section class=\"penci-section penci-dmcheck penci-elbg-activate penci-disSticky penci-structure-20 elementor-section elementor-top-section elementor-element elementor-element-ec25ee3 elementor-section-content-middle elementor-section-boxed elementor-section-height-default elementor-section-height-default\" data-id=\"ec25ee3\" data-element_type=\"section\" data-settings=\"{&quot;background_background&quot;:&quot;classic&quot;}\">\n\t\t\t\t\t\t<div class=\"elementor-container elementor-column-gap-extended\">\n\t\t\t\t\t<div class=\"penci-ercol-50 penci-ercol-order-1 penci-sticky-ct    elementor-column elementor-col-50 elementor-top-column elementor-element elementor-element-82f2ed3\" data-id=\"82f2ed3\" data-element_type=\"column\">\n\t\t\t<div class=\"elementor-widget-wrap elementor-element-populated\">\n\t\t\t\t\t\t<div class=\"elementor-element elementor-element-1c9978e elementor-widget elementor-widget-penci-fancy_heading\" data-id=\"1c9978e\" data-element_type=\"widget\" data-widget_type=\"penci-fancy_heading.default\">\n\t\t\t\t<div class=\"elementor-widget-container\">\n\t\t\t\t\t\t\t<div class=\"penci-fancy-heading penci-heading-text-left\">\n\t\t\t<div class=\"penci-fancy-heading-inner\">\n\t\t\t\t<h1 class=\"penci-heading-title\"><span class=\"inner-tit\">Perak Yes Breizh ?<\/span><\/h1><div class=\"penci-separator penci-separator- penci-separator-left\"><span class=\"penci-sep_holder penci-sep_holder_l\"><span class=\"penci-sep_line\"><\/span><\/span><span class=\"penci-sep_holder penci-sep_holder_r\"><span class=\"penci-sep_line\"><\/span><\/span><\/div>\t\t\t<\/div>\n\t\t<\/div>\n\t\t\t\t\t\t<\/div>\n\t\t\t\t<\/div>\n\t\t\t\t\t<\/div>\n\t\t<\/div>\n\t\t\t\t<div class=\"penci-ercol-50 penci-ercol-order-2 penci-sticky-ct    elementor-column elementor-col-50 elementor-top-column elementor-element elementor-element-ce3970a\" data-id=\"ce3970a\" data-element_type=\"column\">\n\t\t\t<div class=\"elementor-widget-wrap\">\n\t\t\t\t\t\t\t<\/div>\n\t\t<\/div>\n\t\t\t\t\t<\/div>\n\t\t<\/section>\n\t\t\t\t<section class=\"penci-section penci-disSticky penci-structure-10 elementor-section elementor-top-section elementor-element elementor-element-aaef4d2 elementor-section-content-top elementor-section-boxed elementor-section-height-default elementor-section-height-default\" data-id=\"aaef4d2\" data-element_type=\"section\">\n\t\t\t\t\t\t<div class=\"elementor-container elementor-column-gap-wider\">\n\t\t\t\t\t<div class=\"penci-ercol-100 penci-ercol-order-1 penci-sticky-ct    elementor-column elementor-col-100 elementor-top-column elementor-element elementor-element-cba4a64\" data-id=\"cba4a64\" data-element_type=\"column\">\n\t\t\t<div class=\"elementor-widget-wrap elementor-element-populated\">\n\t\t\t\t\t\t<div class=\"elementor-element elementor-element-b0e3017 elementor-widget elementor-widget-penci-fancy_heading\" data-id=\"b0e3017\" data-element_type=\"widget\" data-widget_type=\"penci-fancy_heading.default\">\n\t\t\t\t<div class=\"elementor-widget-container\">\n\t\t\t\t\t\t\t<div class=\"penci-fancy-heading penci-heading-text-left\">\n\t\t\t<div class=\"penci-fancy-heading-inner\">\n\t\t\t\t<div class=\"penci-heading-content entry-content\"><p><strong>Yes Breizh a zo ganet diwar un evezhiadenn eeun : ur vroad barrek eo Breizh, met dic\u2019houest da zivizout hec\u2019h-unan.<\/strong><\/p>\n<p>Kinnig a ra ar bajenn-ma\u00f1 an trao\u00f9 diazez : hor gwel, hon doare da vont en-dro, hor responto\u00f9 d\u2019ar mennozhio\u00f9 bet ijinet en a-raok hag an teulio\u00f9 a zo diazez al luskad.<\/p>\n<\/div>\t\t\t<\/div>\n\t\t<\/div>\n\t\t\t\t\t\t<\/div>\n\t\t\t\t<\/div>\n\t\t\t\t\t<\/div>\n\t\t<\/div>\n\t\t\t\t\t<\/div>\n\t\t<\/section>\n\t\t\t\t<section class=\"penci-section penci-dmcheck penci-elbg-activate penci-disSticky penci-structure-20 elementor-section elementor-top-section elementor-element elementor-element-15347d8 elementor-section-content-top elementor-section-boxed elementor-section-height-default elementor-section-height-default\" data-id=\"15347d8\" data-element_type=\"section\" data-settings=\"{&quot;background_background&quot;:&quot;classic&quot;}\">\n\t\t\t\t\t\t<div class=\"elementor-container elementor-column-gap-wider\">\n\t\t\t\t\t<div class=\"penci-ercol-50 penci-ercol-order-1 penci-sticky-ct    elementor-column elementor-col-50 elementor-top-column elementor-element elementor-element-bb1a91c\" data-id=\"bb1a91c\" data-element_type=\"column\">\n\t\t\t<div class=\"elementor-widget-wrap elementor-element-populated\">\n\t\t\t\t\t\t<div class=\"elementor-element elementor-element-975b979 elementor-widget elementor-widget-penci-info-box\" data-id=\"975b979\" data-element_type=\"widget\" data-widget_type=\"penci-info-box.default\">\n\t\t\t\t<div class=\"elementor-widget-container\">\n\t\t\t\t\t        <div id=\"penci_info_box_98502\" class=\"penci-block-vc penci-info-box penci-ibox-float-left penci-view-default penci-shape-circle\">\n            <div class=\"penci-ibox-inner penci-animation-grow\">\n\t\t\t\t\t\t\t\t<div class=\"penci-ibox-icon penci-ibox-icon--icon penci-icon penci-tibox-svg\"><a class=\"penci-ibox-icon-fa-fix\" href=\"https:\/\/www.yes.bzh\/br\/raktres-breizh\/\"><\/a><a class=\"penci-ibox-icon-fa\" href=\"https:\/\/www.yes.bzh\/br\/raktres-breizh\/\"><\/a><\/div>                <div class=\"penci-ibox-content-wrap\">\n\t\t\t\t\t\t\t\t\t\t<h3\n                            class=\"penci-ibox-title\">Hor raktres<\/h3>\t\t\t\t\t\t\t\t\t\t                        <div class=\"penci-ibox-content\"><p>Kompren an dereadur, he c\u2019hudenno\u00f9 hag an abego\u00f9 a gas Yes Breizh da zifenn ur Vreizh atebek, modern ha mestr war he divizo\u00f9.<\/p>\n<p><br data-start=\"698\" data-end=\"701\" \/><strong>Ur sell sklaer, war-raok.<\/strong><\/p>\n<\/div>\t\t\t\t\t<div class=\"penci-ibox-readmore\"><a class=\"penci-ibox-btn\" href=\"https:\/\/www.yes.bzh\/br\/raktres-breizh\/\">Dizoloit hor raktres<\/a><\/div>                <\/div>\n            <\/div>\n        <\/div>\n\t\t\t\t\t\t<\/div>\n\t\t\t\t<\/div>\n\t\t\t\t<div class=\"elementor-element elementor-element-7935319 elementor-widget elementor-widget-penci-info-box\" data-id=\"7935319\" data-element_type=\"widget\" data-widget_type=\"penci-info-box.default\">\n\t\t\t\t<div class=\"elementor-widget-container\">\n\t\t\t\t\t        <div id=\"penci_info_box_92300\" class=\"penci-block-vc penci-info-box penci-ibox-float-left penci-view-default penci-shape-circle\">\n            <div class=\"penci-ibox-inner penci-animation-grow\">\n\t\t\t\t\t\t\t\t<div class=\"penci-ibox-icon penci-ibox-icon--icon penci-icon penci-tibox-svg\"><a class=\"penci-ibox-icon-fa-fix\" href=\"https:\/\/www.yes.bzh\/br\/diwar-benn\/\"><\/a><a class=\"penci-ibox-icon-fa\" href=\"https:\/\/www.yes.bzh\/br\/diwar-benn\/\"><\/a><\/div>                <div class=\"penci-ibox-content-wrap\">\n\t\t\t\t\t\t\t\t\t\t<h3\n                            class=\"penci-ibox-title\">Piv omp?<\/h3>\t\t\t\t\t\t\t\t\t\t                        <div class=\"penci-ibox-content\"><p><strong>Yes Breizh zo ul luskad keodedourien, dizalc'h diouzh ar strollado\u00f9 politikel.<\/strong><\/p>\n<p><br data-start=\"875\" data-end=\"878\" \/>Ama\u00f1 e tisplegomp hon orin, hon aozadur, hon talvoudo\u00f9 hag an emdroadur a-stroll a gas ac&#039;hanomp.<\/p>\n<\/div>\t\t\t\t\t<div class=\"penci-ibox-readmore\"><a class=\"penci-ibox-btn\" href=\"https:\/\/www.yes.bzh\/br\/diwar-benn\/\">Gouzout hiroc&#039;h<\/a><\/div>                <\/div>\n            <\/div>\n        <\/div>\n\t\t\t\t\t\t<\/div>\n\t\t\t\t<\/div>\n\t\t\t\t\t<\/div>\n\t\t<\/div>\n\t\t\t\t<div class=\"penci-ercol-50 penci-ercol-order-2 penci-sticky-ct    elementor-column elementor-col-50 elementor-top-column elementor-element elementor-element-35884e3\" data-id=\"35884e3\" data-element_type=\"column\">\n\t\t\t<div class=\"elementor-widget-wrap elementor-element-populated\">\n\t\t\t\t\t\t<div class=\"elementor-element elementor-element-cc563bc elementor-widget elementor-widget-penci-info-box\" data-id=\"cc563bc\" data-element_type=\"widget\" data-widget_type=\"penci-info-box.default\">\n\t\t\t\t<div class=\"elementor-widget-container\">\n\t\t\t\t\t        <div id=\"penci_info_box_90981\" class=\"penci-block-vc penci-info-box penci-ibox-float-left penci-view-default penci-shape-circle\">\n            <div class=\"penci-ibox-inner penci-animation-grow\">\n\t\t\t\t\t\t\t\t<div class=\"penci-ibox-icon penci-ibox-icon--icon penci-icon penci-tibox-svg\"><a class=\"penci-ibox-icon-fa-fix\" href=\"https:\/\/www.yes.bzh\/br\/faq\/\"><\/a><a class=\"penci-ibox-icon-fa\" href=\"https:\/\/www.yes.bzh\/br\/faq\/\"><\/a><\/div>                <div class=\"penci-ibox-content-wrap\">\n\t\t\t\t\t\t\t\t\t\t<h3\n                            class=\"penci-ibox-title\">FAQ<\/h3>\t\t\t\t\t\t\t\t\t\t                        <div class=\"penci-ibox-content\"><p>Ar goulenno\u00f9 a vez savet gant pep hini : emrenerezh, arc\u2019hant, lezennelezh, ekonomiezh, darempredo\u00f9 gant Bro-C\u2019hall\u2026<\/p>\n<p><br data-start=\"1135\" data-end=\"1138\" \/><strong>Responto\u00f9 eeun, eeun ha reizh.<\/strong><\/p>\n<\/div>\t\t\t\t\t<div class=\"penci-ibox-readmore\"><a class=\"penci-ibox-btn\" href=\"https:\/\/www.yes.bzh\/br\/faq\/\">Lenn hor FAQ \/ Roll Goulenno\u00f9<\/a><\/div>                <\/div>\n            <\/div>\n        <\/div>\n\t\t\t\t\t\t<\/div>\n\t\t\t\t<\/div>\n\t\t\t\t<div class=\"elementor-element elementor-element-1d84a4b elementor-widget elementor-widget-penci-info-box\" data-id=\"1d84a4b\" data-element_type=\"widget\" data-widget_type=\"penci-info-box.default\">\n\t\t\t\t<div class=\"elementor-widget-container\">\n\t\t\t\t\t        <div id=\"penci_info_box_22405\" class=\"penci-block-vc penci-info-box penci-ibox-float-left penci-view-default penci-shape-circle\">\n            <div class=\"penci-ibox-inner penci-animation-grow\">\n\t\t\t\t\t\t\t\t<div class=\"penci-ibox-icon penci-ibox-icon--icon penci-icon penci-tibox-svg\"><a class=\"penci-ibox-icon-fa-fix\" href=\"https:\/\/www.yes.bzh\/br\/levrig\/\"><\/a><a class=\"penci-ibox-icon-fa\" href=\"https:\/\/www.yes.bzh\/br\/levrig\/\"><\/a><\/div>                <div class=\"penci-ibox-content-wrap\">\n\t\t\t\t\t\t\t\t\t\t<h3\n                            class=\"penci-ibox-title\">Al Levrig Yes Breizh<\/h3>\t\t\t\t\t\t\t\t\t\t                        <div class=\"penci-ibox-content\"><p>Un teuliad berr ouzhpenn 70 pajenn evit kompren ar raktres, e ziazezo\u00f9, e bal hag e ginnigo\u00f9.<\/p>\n<p><br data-start=\"1363\" data-end=\"1366\" \/><strong>Da bellgarga\u00f1 digoust pe e moulla\u00f1.<\/strong><\/p>\n<\/div>\t\t\t\t\t<div class=\"penci-ibox-readmore\"><a class=\"penci-ibox-btn\" href=\"https:\/\/www.yes.bzh\/br\/levrig\/\">Pellgarga\u00f1 al levrig<\/a><\/div>                <\/div>\n            <\/div>\n        <\/div>\n\t\t\t\t\t\t<\/div>\n\t\t\t\t<\/div>\n\t\t\t\t\t<\/div>\n\t\t<\/div>\n\t\t\t\t\t<\/div>\n\t\t<\/section>\n\t\t\t\t<\/div>","protected":false},"excerpt":{"rendered":"<p>Perak Ya Breizh ? Ya, ganet eo Breizh diwar un evezhiadenn eeun : ur vroad barrek eo Breizh, met unan dic\u2019houest da zivizout hec\u2019h-unan. Kinnig a ra ar bajenn-ma\u00f1\u2026<\/p>","protected":false},"author":1,"featured_media":0,"parent":0,"menu_order":0,"comment_status":"closed","ping_status":"closed","template":"page-fullwidth.php","meta":{"_lmt_disableupdate":"","_lmt_disable":"","footnotes":""},"class_list":["post-896","page","type-page","status-publish","hentry"],"_links":{"self":[{"href":"https:\/\/www.yes.bzh\/br\/wp-json\/wp\/v2\/pages\/896","targetHints":{"allow":["GET"]}}],"collection":[{"href":"https:\/\/www.yes.bzh\/br\/wp-json\/wp\/v2\/pages"}],"about":[{"href":"https:\/\/www.yes.bzh\/br\/wp-json\/wp\/v2\/types\/page"}],"author":[{"embeddable":true,"href":"https:\/\/www.yes.bzh\/br\/wp-json\/wp\/v2\/users\/1"}],"replies":[{"embeddable":true,"href":"https:\/\/www.yes.bzh\/br\/wp-json\/wp\/v2\/comments?post=896"}],"version-history":[{"count":7,"href":"https:\/\/www.yes.bzh\/br\/wp-json\/wp\/v2\/pages\/896\/revisions"}],"predecessor-version":[{"id":1113,"href":"https:\/\/www.yes.bzh\/br\/wp-json\/wp\/v2\/pages\/896\/revisions\/1113"}],"wp:attachment":[{"href":"https:\/\/www.yes.bzh\/br\/wp-json\/wp\/v2\/media?parent=896"}],"curies":[{"name":"ur gwerennad dour","href":"https:\/\/api.w.org\/{rel}","templated":true}]}}