{"id":884,"date":"2025-12-04T11:37:55","date_gmt":"2025-12-04T10:37:55","guid":{"rendered":"https:\/\/www.yes.bzh\/?page_id=884"},"modified":"2025-12-04T17:04:28","modified_gmt":"2025-12-04T16:04:28","slug":"kemer-perzh-el-luskad","status":"publish","type":"page","link":"https:\/\/www.yes.bzh\/br\/kemer-perzh-el-luskad\/","title":{"rendered":"Deuit ganeomp!"},"content":{"rendered":"<div data-elementor-type=\"wp-page\" data-elementor-id=\"884\" class=\"elementor elementor-884\">\n\t\t\t\t\t\t<section class=\"penci-section penci-dmcheck penci-elbg-activate penci-disSticky penci-structure-20 elementor-section elementor-top-section elementor-element elementor-element-ec25ee3 elementor-section-content-middle elementor-section-boxed elementor-section-height-default elementor-section-height-default\" data-id=\"ec25ee3\" data-element_type=\"section\" data-settings=\"{&quot;background_background&quot;:&quot;classic&quot;}\">\n\t\t\t\t\t\t<div class=\"elementor-container elementor-column-gap-extended\">\n\t\t\t\t\t<div class=\"penci-ercol-50 penci-ercol-order-1 penci-sticky-ct    elementor-column elementor-col-50 elementor-top-column elementor-element elementor-element-82f2ed3\" data-id=\"82f2ed3\" data-element_type=\"column\">\n\t\t\t<div class=\"elementor-widget-wrap elementor-element-populated\">\n\t\t\t\t\t\t<div class=\"elementor-element elementor-element-1c9978e elementor-widget elementor-widget-penci-fancy_heading\" data-id=\"1c9978e\" data-element_type=\"widget\" data-widget_type=\"penci-fancy_heading.default\">\n\t\t\t\t<div class=\"elementor-widget-container\">\n\t\t\t\t\t\t\t<div class=\"penci-fancy-heading penci-heading-text-left\">\n\t\t\t<div class=\"penci-fancy-heading-inner\">\n\t\t\t\t<h1 class=\"penci-heading-title\"><span class=\"inner-tit\">Deuit ganeomp!<\/span><\/h1><div class=\"penci-separator penci-separator- penci-separator-left\"><span class=\"penci-sep_holder penci-sep_holder_l\"><span class=\"penci-sep_line\"><\/span><\/span><span class=\"penci-sep_holder penci-sep_holder_r\"><span class=\"penci-sep_line\"><\/span><\/span><\/div>\t\t\t<\/div>\n\t\t<\/div>\n\t\t\t\t\t\t<\/div>\n\t\t\t\t<\/div>\n\t\t\t\t\t<\/div>\n\t\t<\/div>\n\t\t\t\t<div class=\"penci-ercol-50 penci-ercol-order-2 penci-sticky-ct    elementor-column elementor-col-50 elementor-top-column elementor-element elementor-element-ce3970a\" data-id=\"ce3970a\" data-element_type=\"column\">\n\t\t\t<div class=\"elementor-widget-wrap\">\n\t\t\t\t\t\t\t<\/div>\n\t\t<\/div>\n\t\t\t\t\t<\/div>\n\t\t<\/section>\n\t\t\t\t<section class=\"penci-section penci-disSticky penci-structure-10 elementor-section elementor-top-section elementor-element elementor-element-aaef4d2 elementor-section-content-top elementor-section-boxed elementor-section-height-default elementor-section-height-default\" data-id=\"aaef4d2\" data-element_type=\"section\">\n\t\t\t\t\t\t<div class=\"elementor-container elementor-column-gap-wider\">\n\t\t\t\t\t<div class=\"penci-ercol-100 penci-ercol-order-1 penci-sticky-ct    elementor-column elementor-col-100 elementor-top-column elementor-element elementor-element-cba4a64\" data-id=\"cba4a64\" data-element_type=\"column\">\n\t\t\t<div class=\"elementor-widget-wrap elementor-element-populated\">\n\t\t\t\t\t\t<div class=\"elementor-element elementor-element-b0e3017 elementor-widget elementor-widget-penci-fancy_heading\" data-id=\"b0e3017\" data-element_type=\"widget\" data-widget_type=\"penci-fancy_heading.default\">\n\t\t\t\t<div class=\"elementor-widget-container\">\n\t\t\t\t\t\t\t<div class=\"penci-fancy-heading penci-heading-text-left\">\n\t\t\t<div class=\"penci-fancy-heading-inner\">\n\t\t\t\t<div class=\"penci-heading-content entry-content\"><p><strong>En em unani\u00f1 gant Yes Breizh a dalv harpa\u00f1 ur Vreizh gouest d\u2019en em zivizout hec\u2019h-unan.<\/strong><\/p>\n<p>Hervez ho amzer, ho danvezio\u00f9 pe ho c&#039;hoanto\u00f9 ez eus meur a zoare resis da ober.<\/p>\n<\/div>\t\t\t<\/div>\n\t\t<\/div>\n\t\t\t\t\t\t<\/div>\n\t\t\t\t<\/div>\n\t\t\t\t\t<\/div>\n\t\t<\/div>\n\t\t\t\t\t<\/div>\n\t\t<\/section>\n\t\t\t\t<section class=\"penci-section penci-dmcheck penci-elbg-activate penci-disSticky penci-structure-20 elementor-section elementor-top-section elementor-element elementor-element-15347d8 elementor-section-content-top elementor-section-boxed elementor-section-height-default elementor-section-height-default\" data-id=\"15347d8\" data-element_type=\"section\" data-settings=\"{&quot;background_background&quot;:&quot;classic&quot;}\">\n\t\t\t\t\t\t<div class=\"elementor-container elementor-column-gap-wider\">\n\t\t\t\t\t<div class=\"penci-ercol-50 penci-ercol-order-1 penci-sticky-ct    elementor-column elementor-col-50 elementor-top-column elementor-element elementor-element-bb1a91c\" data-id=\"bb1a91c\" data-element_type=\"column\">\n\t\t\t<div class=\"elementor-widget-wrap elementor-element-populated\">\n\t\t\t\t\t\t<div class=\"elementor-element elementor-element-975b979 elementor-widget elementor-widget-penci-info-box\" data-id=\"975b979\" data-element_type=\"widget\" data-widget_type=\"penci-info-box.default\">\n\t\t\t\t<div class=\"elementor-widget-container\">\n\t\t\t\t\t        <div id=\"penci_info_box_47670\" class=\"penci-block-vc penci-info-box penci-ibox-float-left penci-view-default penci-shape-circle\">\n            <div class=\"penci-ibox-inner penci-animation-grow\">\n\t\t\t\t\t\t\t\t<div class=\"penci-ibox-icon penci-ibox-icon--icon penci-icon penci-tibox-svg\"><a class=\"penci-ibox-icon-fa-fix\" href=\"https:\/\/www.yes.bzh\/br\/stagan\/\"><\/a><a class=\"penci-ibox-icon-fa\" href=\"https:\/\/www.yes.bzh\/br\/stagan\/\"><\/a><\/div>                <div class=\"penci-ibox-content-wrap\">\n\t\t\t\t\t\t\t\t\t\t<h3\n                            class=\"penci-ibox-title\">Emezelit<\/h3>\t\t\t\t\t\t\t\t\t\t                        <div class=\"penci-ibox-content\"><p><strong>An doare simpla\u00f1 hag aroueziusa\u00f1 da gemer perzh el luskad.<\/strong><\/p>\n<p><br data-start=\"397\" data-end=\"400\" \/>Evit 10 \u20ac ar bloaz e teuit da veza\u00f1 ezel oberiant, e resevit hon titouro\u00f9 diabarzh ha gallout a rit kemer perzh en obero\u00f9 lec&#039;hel pe temo\u00f9.<\/p>\n<\/div>\t\t\t\t\t<div class=\"penci-ibox-readmore\"><a class=\"penci-ibox-btn\" href=\"https:\/\/www.yes.bzh\/br\/stagan\/\">Boda\u00f1<\/a><\/div>                <\/div>\n            <\/div>\n        <\/div>\n\t\t\t\t\t\t<\/div>\n\t\t\t\t<\/div>\n\t\t\t\t<div class=\"elementor-element elementor-element-7935319 elementor-widget elementor-widget-penci-info-box\" data-id=\"7935319\" data-element_type=\"widget\" data-widget_type=\"penci-info-box.default\">\n\t\t\t\t<div class=\"elementor-widget-container\">\n\t\t\t\t\t        <div id=\"penci_info_box_29864\" class=\"penci-block-vc penci-info-box penci-ibox-float-left penci-view-default penci-shape-circle\">\n            <div class=\"penci-ibox-inner penci-animation-grow\">\n\t\t\t\t\t\t\t\t<div class=\"penci-ibox-icon penci-ibox-icon--icon penci-icon penci-tibox-svg\"><a class=\"penci-ibox-icon-fa-fix\" href=\"https:\/\/www.yes.bzh\/br\/ober-un-donezon\/\"><\/a><a class=\"penci-ibox-icon-fa\" href=\"https:\/\/www.yes.bzh\/br\/ober-un-donezon\/\"><\/a><\/div>                <div class=\"penci-ibox-content-wrap\">\n\t\t\t\t\t\t\t\t\t\t<h3\n                            class=\"penci-ibox-title\">Roit un donezon<\/h3>\t\t\t\t\t\t\t\t\t\t                        <div class=\"penci-ibox-content\"><p>Yes Breizh ne resev yalc\u2019had foran ebet.<\/p>\n<p>Gant ho skoazello\u00f9 e vez arc\u2019hantaouet hon obererezhio\u00f9 : skritello\u00f9, emvodo\u00f9, ostilho\u00f9 niverel, danvez pedagogel.<\/p>\n<p><strong>Pep skoazell, pegen bihan e vefe, en deus un efed war-eeun.<\/strong><\/p>\n<\/div>\t\t\t\t\t<div class=\"penci-ibox-readmore\"><a class=\"penci-ibox-btn\" href=\"https:\/\/www.yes.bzh\/br\/ober-un-donezon\/\">Roit un donezon<\/a><\/div>                <\/div>\n            <\/div>\n        <\/div>\n\t\t\t\t\t\t<\/div>\n\t\t\t\t<\/div>\n\t\t\t\t\t<\/div>\n\t\t<\/div>\n\t\t\t\t<div class=\"penci-ercol-50 penci-ercol-order-2 penci-sticky-ct    elementor-column elementor-col-50 elementor-top-column elementor-element elementor-element-35884e3\" data-id=\"35884e3\" data-element_type=\"column\">\n\t\t\t<div class=\"elementor-widget-wrap elementor-element-populated\">\n\t\t\t\t\t\t<div class=\"elementor-element elementor-element-1d84a4b elementor-widget elementor-widget-penci-info-box\" data-id=\"1d84a4b\" data-element_type=\"widget\" data-widget_type=\"penci-info-box.default\">\n\t\t\t\t<div class=\"elementor-widget-container\">\n\t\t\t\t\t        <div id=\"penci_info_box_19389\" class=\"penci-block-vc penci-info-box penci-ibox-float-left penci-view-default penci-shape-circle\">\n            <div class=\"penci-ibox-inner penci-animation-grow\">\n\t\t\t\t\t\t\t\t<div class=\"penci-ibox-icon penci-ibox-icon--icon penci-icon penci-tibox-svg\"><a class=\"penci-ibox-icon-fa-fix\" href=\"https:\/\/www.yes.bzh\/br\/strolladou-lechel\/\"><\/a><a class=\"penci-ibox-icon-fa\" href=\"https:\/\/www.yes.bzh\/br\/strolladou-lechel\/\"><\/a><\/div>                <div class=\"penci-ibox-content-wrap\">\n\t\t\t\t\t\t\t\t\t\t<h3\n                            class=\"penci-ibox-title\">Strollado\u00f9 lec&#039;hel<\/h3>\t\t\t\t\t\t\t\t\t\t                        <div class=\"penci-ibox-content\"><p><strong>Strollado\u00f9 Yes Breizh a zo dija er pemp departamant.<\/strong><\/p>\n<p><br data-start=\"889\" data-end=\"892\" \/>Emgavio\u00f9, diskouezadego\u00f9, stando\u00f9, tabuto\u00f9... an doare resisa\u00f1 da ober trao\u00f9 e-kichen an ti eo.<\/p>\n<p>Ha ma n&#039;eus ket ur strollad en ho sektor c&#039;hoazh e c&#039;hallit kroui\u00f1 unan.<\/p>\n<\/div>\t\t\t\t\t<div class=\"penci-ibox-readmore\"><a class=\"penci-ibox-btn\" href=\"https:\/\/www.yes.bzh\/br\/strolladou-lechel\/\">Kemer perzh en ur strollad lec&#039;hel<\/a><\/div>                <\/div>\n            <\/div>\n        <\/div>\n\t\t\t\t\t\t<\/div>\n\t\t\t\t<\/div>\n\t\t\t\t<div class=\"elementor-element elementor-element-cc563bc elementor-widget elementor-widget-penci-info-box\" data-id=\"cc563bc\" data-element_type=\"widget\" data-widget_type=\"penci-info-box.default\">\n\t\t\t\t<div class=\"elementor-widget-container\">\n\t\t\t\t\t        <div id=\"penci_info_box_37549\" class=\"penci-block-vc penci-info-box penci-ibox-float-left penci-view-default penci-shape-circle\">\n            <div class=\"penci-ibox-inner penci-animation-grow\">\n\t\t\t\t\t\t\t\t<div class=\"penci-ibox-icon penci-ibox-icon--icon penci-icon penci-tibox-svg\"><a class=\"penci-ibox-icon-fa-fix\" href=\"https:\/\/www.yes.bzh\/br\/poellgoriou-prederian\/\"><\/a><a class=\"penci-ibox-icon-fa\" href=\"https:\/\/www.yes.bzh\/br\/poellgoriou-prederian\/\"><\/a><\/div>                <div class=\"penci-ibox-content-wrap\">\n\t\t\t\t\t\t\t\t\t\t<h3\n                            class=\"penci-ibox-title\">Kreizenno\u00f9 prederia\u00f1<\/h3>\t\t\t\t\t\t\t\t\t\t                        <div class=\"penci-ibox-content\"><p><strong>Evit ar re o deus c&#039;hoant da rei\u00f1 o lod d&#039;ar raktres.<\/strong><\/p>\n<p><br data-start=\"1200\" data-end=\"1203\" \/>Yezho\u00f9, yec&#039;hed, lojeiz, energiezh, ekonomiezh, endro\u2026<\/p>\n<p><br data-start=\"1262\" data-end=\"1265\" \/>Ar poellgorio\u00f9 a zielfenn, a ginnig hag a ziorren hentenno\u00f9 Yes Breizh.<\/p>\n<\/div>\t\t\t\t\t<div class=\"penci-ibox-readmore\"><a class=\"penci-ibox-btn\" href=\"https:\/\/www.yes.bzh\/br\/poellgoriou-prederian\/\">Kavit ar C'huzul Levia\u00f1<\/a><\/div>                <\/div>\n            <\/div>\n        <\/div>\n\t\t\t\t\t\t<\/div>\n\t\t\t\t<\/div>\n\t\t\t\t\t<\/div>\n\t\t<\/div>\n\t\t\t\t\t<\/div>\n\t\t<\/section>\n\t\t\t\t<\/div>","protected":false},"excerpt":{"rendered":"<p>Mont e-barzh al luskad Ya Breizh a dalvez souten ur Vreizh gouest d\u2019en em zivizout hec\u2019h-unan. Hervez ho amzer, ho danvezio\u00f9 pe ho c&#039;hoanto\u00f9 ez eus meur a zoare resis da ober. Boda\u00f1\u2026<\/p>","protected":false},"author":1,"featured_media":0,"parent":0,"menu_order":0,"comment_status":"closed","ping_status":"closed","template":"page-fullwidth.php","meta":{"_lmt_disableupdate":"","_lmt_disable":"","footnotes":""},"class_list":["post-884","page","type-page","status-publish","hentry"],"_links":{"self":[{"href":"https:\/\/www.yes.bzh\/br\/wp-json\/wp\/v2\/pages\/884","targetHints":{"allow":["GET"]}}],"collection":[{"href":"https:\/\/www.yes.bzh\/br\/wp-json\/wp\/v2\/pages"}],"about":[{"href":"https:\/\/www.yes.bzh\/br\/wp-json\/wp\/v2\/types\/page"}],"author":[{"embeddable":true,"href":"https:\/\/www.yes.bzh\/br\/wp-json\/wp\/v2\/users\/1"}],"replies":[{"embeddable":true,"href":"https:\/\/www.yes.bzh\/br\/wp-json\/wp\/v2\/comments?post=884"}],"version-history":[{"count":16,"href":"https:\/\/www.yes.bzh\/br\/wp-json\/wp\/v2\/pages\/884\/revisions"}],"predecessor-version":[{"id":1128,"href":"https:\/\/www.yes.bzh\/br\/wp-json\/wp\/v2\/pages\/884\/revisions\/1128"}],"wp:attachment":[{"href":"https:\/\/www.yes.bzh\/br\/wp-json\/wp\/v2\/media?parent=884"}],"curies":[{"name":"ur gwerennad dour","href":"https:\/\/api.w.org\/{rel}","templated":true}]}}