{"id":653,"date":"2025-12-03T10:59:19","date_gmt":"2025-12-03T09:59:19","guid":{"rendered":"https:\/\/www.yes.bzh\/?page_id=653"},"modified":"2025-12-09T14:16:56","modified_gmt":"2025-12-09T13:16:56","slug":"levrig","status":"publish","type":"page","link":"https:\/\/www.yes.bzh\/br\/levrig\/","title":{"rendered":"Levrig"},"content":{"rendered":"<div data-elementor-type=\"wp-page\" data-elementor-id=\"653\" class=\"elementor elementor-653\">\n\t\t\t\t\t\t<section class=\"penci-section penci-dmcheck penci-elbg-activate penci-disSticky penci-structure-20 elementor-section elementor-top-section elementor-element elementor-element-ec25ee3 elementor-section-content-middle elementor-section-boxed elementor-section-height-default elementor-section-height-default\" data-id=\"ec25ee3\" data-element_type=\"section\" data-settings=\"{&quot;background_background&quot;:&quot;classic&quot;}\">\n\t\t\t\t\t\t<div class=\"elementor-container elementor-column-gap-extended\">\n\t\t\t\t\t<div class=\"penci-ercol-50 penci-ercol-order-1 penci-sticky-ct    elementor-column elementor-col-50 elementor-top-column elementor-element elementor-element-82f2ed3\" data-id=\"82f2ed3\" data-element_type=\"column\">\n\t\t\t<div class=\"elementor-widget-wrap elementor-element-populated\">\n\t\t\t\t\t\t<div class=\"elementor-element elementor-element-1c9978e elementor-widget elementor-widget-penci-fancy_heading\" data-id=\"1c9978e\" data-element_type=\"widget\" data-widget_type=\"penci-fancy_heading.default\">\n\t\t\t\t<div class=\"elementor-widget-container\">\n\t\t\t\t\t\t\t<div class=\"penci-fancy-heading penci-heading-text-left\">\n\t\t\t<div class=\"penci-fancy-heading-inner\">\n\t\t\t\t<h1 class=\"penci-heading-title\"><span class=\"inner-tit\">Yes Breizh levrig<\/span><\/h1><div class=\"penci-separator penci-separator- penci-separator-left\"><span class=\"penci-sep_holder penci-sep_holder_l\"><span class=\"penci-sep_line\"><\/span><\/span><span class=\"penci-sep_holder penci-sep_holder_r\"><span class=\"penci-sep_line\"><\/span><\/span><\/div>\t\t\t<\/div>\n\t\t<\/div>\n\t\t\t\t\t\t<\/div>\n\t\t\t\t<\/div>\n\t\t\t\t\t<\/div>\n\t\t<\/div>\n\t\t\t\t<div class=\"penci-ercol-50 penci-ercol-order-2 penci-sticky-ct    elementor-column elementor-col-50 elementor-top-column elementor-element elementor-element-ce3970a elementor-hidden-mobile\" data-id=\"ce3970a\" data-element_type=\"column\">\n\t\t\t<div class=\"elementor-widget-wrap elementor-element-populated\">\n\t\t\t\t\t\t<div class=\"elementor-element elementor-element-cb75a03 elementor-align-right elementor-widget elementor-widget-button\" data-id=\"cb75a03\" data-element_type=\"widget\" data-widget_type=\"button.default\">\n\t\t\t\t\t\t\t\t\t\t<a class=\"elementor-button elementor-button-link elementor-size-sm\" href=\"https:\/\/www.yes.bzh\/br\/kemer-perzh-el-luskad\/\">\n\t\t\t\t\t\t<span class=\"elementor-button-content-wrapper\">\n\t\t\t\t\t\t<span class=\"elementor-button-icon\">\n\t\t\t\t<i aria-hidden=\"true\" class=\"fas fa-long-arrow-alt-right\"><\/i>\t\t\t<\/span>\n\t\t\t\t\t\t\t\t\t<span class=\"elementor-button-text\">Deuit ganeomp!<\/span>\n\t\t\t\t\t<\/span>\n\t\t\t\t\t<\/a>\n\t\t\t\t\t\t\t\t<\/div>\n\t\t\t\t\t<\/div>\n\t\t<\/div>\n\t\t\t\t\t<\/div>\n\t\t<\/section>\n\t\t\t\t<section class=\"penci-section penci-disSticky penci-structure-10 elementor-section elementor-top-section elementor-element elementor-element-aaef4d2 elementor-section-content-top elementor-section-boxed elementor-section-height-default elementor-section-height-default\" data-id=\"aaef4d2\" data-element_type=\"section\">\n\t\t\t\t\t\t<div class=\"elementor-container elementor-column-gap-wider\">\n\t\t\t\t\t<div class=\"penci-ercol-100 penci-ercol-order-1 penci-sticky-ct    elementor-column elementor-col-100 elementor-top-column elementor-element elementor-element-cba4a64\" data-id=\"cba4a64\" data-element_type=\"column\">\n\t\t\t<div class=\"elementor-widget-wrap elementor-element-populated\">\n\t\t\t\t\t\t<div class=\"elementor-element elementor-element-b0e3017 elementor-widget elementor-widget-penci-fancy_heading\" data-id=\"b0e3017\" data-element_type=\"widget\" data-widget_type=\"penci-fancy_heading.default\">\n\t\t\t\t<div class=\"elementor-widget-container\">\n\t\t\t\t\t\t\t<div class=\"penci-fancy-heading penci-heading-text-left\">\n\t\t\t<div class=\"penci-fancy-heading-inner\">\n\t\t\t\t<h2 class=\"penci-heading-title\"><span class=\"inner-tit\">Kompren ar raktres, sklaer hag eeun<\/span><\/h2><div class=\"penci-heading-content entry-content\"><p><strong>Teul dave Yes Breizh eo al Levrig<\/strong> : muioc\u2019h evit 70 pajenn evit displega\u00f1, en un doare aes da gaout, petra eo an devolusion, perak e sell ouzh pep gwaz ha maouez breizhat, ha penaos e c\u2019hallfe gwellaat hor buhez pemdeziek en un doare konkret.<\/p>\n<p><strong>Sikour a ra Le Levrig da zigeri\u00f1 an tabut, da respont d\u2019ar goulenno\u00f9 a vez graet alies ha da gompren gwelloc\u2019h kudenno\u00f9 ur Vreizh hag a gemer muioc\u2019h a zivizo\u00f9 eviti hec\u2019h-unan.<\/strong><\/p>\n<p>Ur benveg sklaer ha deskadurezh eo, savet evit beza\u00f1 lennet, rannet ha komzet diwar e benn.<\/p>\n<p><i>Hizivaet e vez ingal evit lakaat e-barzh an dielfennadurio\u00f9, an evezhiadenno\u00f9 hag ar c&#039;hinnigo\u00f9.<\/i><\/p>\n<\/div>\t\t\t<\/div>\n\t\t<\/div>\n\t\t\t\t\t\t<\/div>\n\t\t\t\t<\/div>\n\t\t\t\t\t<\/div>\n\t\t<\/div>\n\t\t\t\t\t<\/div>\n\t\t<\/section>\n\t\t\t\t<section class=\"penci-section penci-dmcheck penci-elbg-activate penci-disSticky penci-structure-20 elementor-section elementor-top-section elementor-element elementor-element-15347d8 elementor-section-content-middle elementor-section-boxed elementor-section-height-default elementor-section-height-default\" data-id=\"15347d8\" data-element_type=\"section\" data-settings=\"{&quot;background_background&quot;:&quot;classic&quot;}\">\n\t\t\t\t\t\t<div class=\"elementor-container elementor-column-gap-wider\">\n\t\t\t\t\t<div class=\"penci-ercol-50 penci-ercol-order-1 penci-sticky-ct    elementor-column elementor-col-50 elementor-top-column elementor-element elementor-element-bb1a91c\" data-id=\"bb1a91c\" data-element_type=\"column\">\n\t\t\t<div class=\"elementor-widget-wrap elementor-element-populated\">\n\t\t\t\t\t\t<div class=\"elementor-element elementor-element-975b979 elementor-widget elementor-widget-penci-info-box\" data-id=\"975b979\" data-element_type=\"widget\" data-widget_type=\"penci-info-box.default\">\n\t\t\t\t<div class=\"elementor-widget-container\">\n\t\t\t\t\t        <div id=\"penci_info_box_54192\" class=\"penci-block-vc penci-info-box penci-ibox-float-left penci-view-default penci-shape-circle\">\n            <div class=\"penci-ibox-inner penci-animation-grow\">\n\t\t\t\t\t\t\t\t<div class=\"penci-ibox-icon penci-ibox-icon--icon penci-icon penci-tibox-svg\"><a class=\"penci-ibox-icon-fa-fix\" href=\"https:\/\/www.yes.bzh\/wp-content\/uploads\/2025\/12\/Yes_Breizh_Levrig_2025_fr.pdf\" target=\"_blank\"><\/a><a class=\"penci-ibox-icon-fa\" href=\"https:\/\/www.yes.bzh\/wp-content\/uploads\/2025\/12\/Yes_Breizh_Levrig_2025_fr.pdf\" target=\"_blank\"><\/a><\/div>                <div class=\"penci-ibox-content-wrap\">\n\t\t\t\t\t\t\t\t\t\t<h3\n                            class=\"penci-ibox-title\">Pellgarga\u00f1 evit netra<\/h3>\t\t\t\t\t\t\t\t\t\t                        <div class=\"penci-ibox-content\"><p>Stumm PDF digoust evit an holl.<\/p>\n<\/div>\t\t\t\t\t<div class=\"penci-ibox-readmore\"><a class=\"penci-ibox-btn\" href=\"https:\/\/www.yes.bzh\/wp-content\/uploads\/2025\/12\/Yes_Breizh_Levrig_2025_fr.pdf\" target=\"_blank\">Pellgarga\u00f1 al Levrig (PDF e galleg)<\/a><\/div>                <\/div>\n            <\/div>\n        <\/div>\n\t\t\t\t\t\t<\/div>\n\t\t\t\t<\/div>\n\t\t\t\t\t<\/div>\n\t\t<\/div>\n\t\t\t\t<div class=\"penci-ercol-50 penci-ercol-order-2 penci-sticky-ct    elementor-column elementor-col-50 elementor-top-column elementor-element elementor-element-35884e3\" data-id=\"35884e3\" data-element_type=\"column\">\n\t\t\t<div class=\"elementor-widget-wrap elementor-element-populated\">\n\t\t\t\t\t\t<div class=\"elementor-element elementor-element-1d84a4b elementor-widget elementor-widget-penci-info-box\" data-id=\"1d84a4b\" data-element_type=\"widget\" data-widget_type=\"penci-info-box.default\">\n\t\t\t\t<div class=\"elementor-widget-container\">\n\t\t\t\t\t        <div id=\"penci_info_box_87944\" class=\"penci-block-vc penci-info-box penci-ibox-float-left penci-view-default penci-shape-circle\">\n            <div class=\"penci-ibox-inner penci-animation-grow\">\n\t\t\t\t\t\t\t\t<div class=\"penci-ibox-icon penci-ibox-icon--icon penci-icon penci-tibox-svg\"><a class=\"penci-ibox-icon-fa-fix\" href=\"https:\/\/www.yoran-embanner.com\/accueil\/647-livret-yes-breizh.html\" target=\"_blank\" rel=\"noopener\"><\/a><a class=\"penci-ibox-icon-fa\" href=\"https:\/\/www.yoran-embanner.com\/accueil\/647-livret-yes-breizh.html\" target=\"_blank\" rel=\"noopener\"><\/a><\/div>                <div class=\"penci-ibox-content-wrap\">\n\t\t\t\t\t\t\t\t\t\t<h3\n                            class=\"penci-ibox-title\">Stumm paper<\/h3>\t\t\t\t\t\t\t\t\t\t                        <div class=\"penci-ibox-content\"><p>Kavout a reer al levrig e stumm moullet gant Yoran Embanner.<br data-start=\"1485\" data-end=\"1488\" \/>Mat-tre evel prof, evit al levraouego\u00f9 mediao\u00f9, an tiez-k\u00ear, ar c&#039;hevredigezhio\u00f9.<\/p>\n<\/div>\t\t\t\t\t<div class=\"penci-ibox-readmore\"><a class=\"penci-ibox-btn\" href=\"https:\/\/www.yoran-embanner.com\/accueil\/647-livret-yes-breizh.html\" target=\"_blank\" rel=\"noopener\">Prenit ar stumm golo paper<\/a><\/div>                <\/div>\n            <\/div>\n        <\/div>\n\t\t\t\t\t\t<\/div>\n\t\t\t\t<\/div>\n\t\t\t\t\t<\/div>\n\t\t<\/div>\n\t\t\t\t\t<\/div>\n\t\t<\/section>\n\t\t\t\t<section class=\"penci-section penci-disSticky penci-structure-20 elementor-section elementor-top-section elementor-element elementor-element-b064661 elementor-section-content-top elementor-section-boxed elementor-section-height-default elementor-section-height-default\" data-id=\"b064661\" data-element_type=\"section\">\n\t\t\t\t\t\t<div class=\"elementor-container elementor-column-gap-wider\">\n\t\t\t\t\t<div class=\"penci-ercol-50 penci-ercol-order-1 penci-sticky-ct    elementor-column elementor-col-50 elementor-top-column elementor-element elementor-element-4b0cf7f\" data-id=\"4b0cf7f\" data-element_type=\"column\">\n\t\t\t<div class=\"elementor-widget-wrap elementor-element-populated\">\n\t\t\t\t\t\t<div class=\"elementor-element elementor-element-e6c2faa elementor-widget elementor-widget-penci-fancy_heading\" data-id=\"e6c2faa\" data-element_type=\"widget\" data-widget_type=\"penci-fancy_heading.default\">\n\t\t\t\t<div class=\"elementor-widget-container\">\n\t\t\t\t\t\t\t<div class=\"penci-fancy-heading penci-heading-text-left\">\n\t\t\t<div class=\"penci-fancy-heading-inner\">\n\t\t\t\t<h2 class=\"penci-heading-title\"><span class=\"inner-tit\">Ar pezh a gavot eno<\/span><\/h2><div class=\"penci-heading-content entry-content\"><p><strong>Diazezo\u00f9 ar raktres Yes Breizh :<\/strong><\/p>\n<p>\u2022 Un displegadenn sklaer eus an dizalc&#039;hiezh<br \/>\n\u2022 Skouerio\u00f9 europat (Bro-Skos, Kembre\u2026)<br \/>\n\u2022 Responto\u00f9 d&#039;ar so\u00f1jo\u00f9 faos a vez kavet alies<br \/>\n\u2022 Ar framm lezennel hag ensavadurel<br \/>\n\u2022 Ar gwel hag an hento\u00f9 evit Breizh<br \/>\n\u2022 Ostilho\u00f9 evit kelaoui\u00f1, komz ha treuzkas<\/p>\n<p><strong>Pep lodenn a glask kaout ar memes pal : lakaat an danvez da veza\u00f1 komprenus ha rannadus, hep ger-mell pe kemplezhder didalvoud.<\/strong><\/p>\n<\/div>\t\t\t<\/div>\n\t\t<\/div>\n\t\t\t\t\t\t<\/div>\n\t\t\t\t<\/div>\n\t\t\t\t\t<\/div>\n\t\t<\/div>\n\t\t\t\t<div class=\"penci-ercol-50 penci-ercol-order-2 penci-sticky-ct    elementor-column elementor-col-50 elementor-top-column elementor-element elementor-element-533cb6e\" data-id=\"533cb6e\" data-element_type=\"column\">\n\t\t\t<div class=\"elementor-widget-wrap elementor-element-populated\">\n\t\t\t\t\t\t<div class=\"elementor-element elementor-element-0b71854 elementor-widget elementor-widget-image\" data-id=\"0b71854\" data-element_type=\"widget\" data-widget_type=\"image.default\">\n\t\t\t\t\t\t\t\t\t\t\t\t\t\t\t<img fetchpriority=\"high\" decoding=\"async\" width=\"960\" height=\"724\" src=\"https:\/\/www.yes.bzh\/wp-content\/uploads\/2025\/12\/livret-yes-breizh.jpg\" class=\"attachment-large size-large wp-image-870\" alt=\"Levrig Ya Breizh\" srcset=\"https:\/\/www.yes.bzh\/wp-content\/uploads\/2025\/12\/livret-yes-breizh.jpg 960w, https:\/\/www.yes.bzh\/wp-content\/uploads\/2025\/12\/livret-yes-breizh-300x226.jpg 300w, https:\/\/www.yes.bzh\/wp-content\/uploads\/2025\/12\/livret-yes-breizh-768x579.jpg 768w, https:\/\/www.yes.bzh\/wp-content\/uploads\/2025\/12\/livret-yes-breizh-16x12.jpg 16w, https:\/\/www.yes.bzh\/wp-content\/uploads\/2025\/12\/livret-yes-breizh-585x441.jpg 585w\" sizes=\"(max-width: 960px) 100vw, 960px\" title=\"\">\t\t\t\t\t\t\t\t\t\t\t\t\t\t\t<\/div>\n\t\t\t\t\t<\/div>\n\t\t<\/div>\n\t\t\t\t\t<\/div>\n\t\t<\/section>\n\t\t\t\t<\/div>","protected":false},"excerpt":{"rendered":"<p>Ya Breizh Levrig : Kemer perzh el luskad, kompren ar raktres sklaer hag eeun. Al levrig eo an teul dave evit Ya Breizh : ouzhpenn 70 pajenn evit displega\u00f1\u2026<\/p>","protected":false},"author":1,"featured_media":0,"parent":0,"menu_order":0,"comment_status":"closed","ping_status":"closed","template":"page-fullwidth.php","meta":{"_lmt_disableupdate":"","_lmt_disable":"","footnotes":""},"class_list":["post-653","page","type-page","status-publish","hentry"],"_links":{"self":[{"href":"https:\/\/www.yes.bzh\/br\/wp-json\/wp\/v2\/pages\/653","targetHints":{"allow":["GET"]}}],"collection":[{"href":"https:\/\/www.yes.bzh\/br\/wp-json\/wp\/v2\/pages"}],"about":[{"href":"https:\/\/www.yes.bzh\/br\/wp-json\/wp\/v2\/types\/page"}],"author":[{"embeddable":true,"href":"https:\/\/www.yes.bzh\/br\/wp-json\/wp\/v2\/users\/1"}],"replies":[{"embeddable":true,"href":"https:\/\/www.yes.bzh\/br\/wp-json\/wp\/v2\/comments?post=653"}],"version-history":[{"count":33,"href":"https:\/\/www.yes.bzh\/br\/wp-json\/wp\/v2\/pages\/653\/revisions"}],"predecessor-version":[{"id":1309,"href":"https:\/\/www.yes.bzh\/br\/wp-json\/wp\/v2\/pages\/653\/revisions\/1309"}],"wp:attachment":[{"href":"https:\/\/www.yes.bzh\/br\/wp-json\/wp\/v2\/media?parent=653"}],"curies":[{"name":"ur gwerennad dour","href":"https:\/\/api.w.org\/{rel}","templated":true}]}}