{"id":3,"date":"2025-11-30T00:27:16","date_gmt":"2025-11-29T23:27:16","guid":{"rendered":"https:\/\/www.yes.bzh\/?page_id=3"},"modified":"2025-12-04T16:05:26","modified_gmt":"2025-12-04T15:05:26","slug":"politikerezh-prevezded","status":"publish","type":"page","link":"https:\/\/www.yes.bzh\/br\/politikerezh-prevezded\/","title":{"rendered":"Politikerezh prevezded"},"content":{"rendered":"<p><em>Hizivaet da ziwezha\u00f1 : Du 2025<\/em><\/p>\n\n\n\n<h2 class=\"wp-block-heading\">1. Piv a zo karget eus an treta\u00f1?<\/h2>\n\n\n\n<p>Al lec&#039;hienn-ma\u00f1 <strong>yabreizh.bzh<\/strong> a vez embannet gant ar gevredigezh :<\/p>\n\n\n\n<ul class=\"wp-block-list\">\n<li><strong>Anv :<\/strong> Yes Breizh<\/li>\n\n\n\n<li><strong>Stumm :<\/strong> kevredigezh dindan lezenn 1901<\/li>\n\n\n\n<li><strong>SIREN:<\/strong> 991 979 568<\/li>\n\n\n\n<li><strong>Burev penna\u00f1 :<\/strong> 75 straed ar Rody, 29490 Guipavas, Bro-C&#039;hall<\/li>\n\n\n\n<li><strong>Postel darempred :<\/strong> <a href=\"mailto:darempred@yes.bzh\">darempred@yes.bzh<\/a><\/li>\n<\/ul>\n\n\n\n<p>Ya Breizh a ra evel <strong>merour roadenno\u00f9<\/strong> evit ar roadenno\u00f9 personel dastumet ha treuzfurmet dre al lec&#039;hienn-ma\u00f1.<\/p>\n\n\n\n<h2 class=\"wp-block-heading\">2. Peseurt roadenno\u00f9 a zastumomp ha evit peseurt palio\u00f9 ?<\/h2>\n\n\n\n<p>Dastum a reomp roadenno\u00f9 ret-holl evit ar palio\u00f9 deskrivet ama\u00f1 dindan hepken.<\/p>\n\n\n\n<h3 class=\"wp-block-heading\">2.1. Furmskrido\u00f9 darempred ha poellgorio\u00f9 (Furmskrid darempred 7)<\/h3>\n\n\n\n<p><strong>Roadenno\u00f9 dastumet :<\/strong><\/p>\n\n\n\n<ul class=\"wp-block-list\">\n<li>Anv-bihan hag anv-familh<\/li>\n\n\n\n<li>Chomlec&#039;h postel<\/li>\n\n\n\n<li>Niverenn bellgomz (furmskrid ar c&#039;homite)<\/li>\n\n\n\n<li>Kumun (furmskrid poellgor)<\/li>\n\n\n\n<li>Danvez ar gemennadenn<\/li>\n<\/ul>\n\n\n\n<p><strong>Palo\u00f9 :<\/strong><\/p>\n\n\n\n<ul class=\"wp-block-list\">\n<li>Respont d&#039;ho koulenno\u00f9 darempred<\/li>\n\n\n\n<li>Aoza\u00f1 ha ren ar c&#039;homiteo\u00f9 lec&#039;hel (darempredo\u00f9 kenta\u00f1, rouedado\u00f9, heulia\u00f1)<\/li>\n<\/ul>\n\n\n\n<p><strong>Diazezo\u00f9 lezennel :<\/strong><\/p>\n\n\n\n<ul class=\"wp-block-list\">\n<li><strong>Dedenn reizh<\/strong> Ya Strivo\u00f9 Breizh evit respont d&#039;ar goulenno\u00f9 ha framma\u00f1 he c&#039;homiteo\u00f9 keodedour<\/li>\n\n\n\n<li>Mar bez ezhomm, <strong>muzulio\u00f9 a-raok ar c&#039;hontrad<\/strong> (ma vez liammet ar goulenn ouzh an izili pe ar c&#039;henlabour da zont)<\/li>\n<\/ul>\n\n\n\n<h3 class=\"wp-block-heading\">2.2. Kelaouenn (Brevo)<\/h3>\n\n\n\n<p><strong>Roadenno\u00f9 dastumet :<\/strong><\/p>\n\n\n\n<ul class=\"wp-block-list\">\n<li>Chomlec&#039;h postel<\/li>\n\n\n\n<li>Dibab : anv-bihan hag anv-bihan (ma vez goulennet er furmskrid)<\/li>\n<\/ul>\n\n\n\n<p><strong>Palo\u00f9 :<\/strong><\/p>\n\n\n\n<ul class=\"wp-block-list\">\n<li>Kas titouro\u00f9 liammet ouzh Ya Breizh : keleier, embannadurio\u00f9, galvo\u00f9 d&#039;ober, keleier luskado\u00f9<\/li>\n<\/ul>\n\n\n\n<p><strong>Diazezo\u00f9 lezennel :<\/strong><\/p>\n\n\n\n<ul class=\"wp-block-list\">\n<li><strong>Asant<\/strong> (En em enskriva\u00f1 a rit a-youl vat d&#039;ar c&#039;heleier ha gallout a rit digoumananti\u00f1 da bep mare)<\/li>\n<\/ul>\n\n\n\n<p><strong>Ostilh implijet :<\/strong><\/p>\n\n\n\n<ul class=\"wp-block-list\">\n<li>Mera\u00f1 al lizhiri-kelaoui\u00f1 a vez meret dre an diskoulm <strong>Brevo<\/strong> (Sendinblue gwechall).<\/li>\n<\/ul>\n\n\n\n<h3 class=\"wp-block-heading\">2.3. Izili ha skoazello\u00f9 (HelloAsso &amp; PayPal)<\/h3>\n\n\n\n<p>Meret e vez an izili hag an donezono\u00f9 da Yes Breizh dre ar savenno\u00f9 <strong>HelloAsso<\/strong> Ha <strong>PayPal<\/strong>.<\/p>\n\n\n\n<p><strong>Roadenno\u00f9 dastumet dre ar savenno\u00f9-ma\u00f1 :<\/strong><\/p>\n\n\n\n<ul class=\"wp-block-list\">\n<li>Identelezh (anv, anv-familh)<\/li>\n\n\n\n<li>Titouro\u00f9 darempred (chomlec&#039;h, postel)<\/li>\n\n\n\n<li>Sammad ha munudo\u00f9 an izili pe ar skoazell<\/li>\n\n\n\n<li>Titouro\u00f9 paea\u00f1 (meret gant HelloAsso ha PayPal)<\/li>\n<\/ul>\n\n\n\n<p><strong>Palo\u00f9 :<\/strong><\/p>\n\n\n\n<ul class=\"wp-block-list\">\n<li>Mera\u00f1 izili ar c&#039;hevredigezhio\u00f9<\/li>\n\n\n\n<li>Mera\u00f1 an donezono\u00f9 hag ar c&#039;honta\u00f1 kevredet<\/li>\n\n\n\n<li>Heulia\u00f1 an darempredo\u00f9 gant an izili hag ar madoberourien<\/li>\n<\/ul>\n\n\n\n<p><strong>Diazezo\u00f9 lezennel :<\/strong><\/p>\n\n\n\n<ul class=\"wp-block-list\">\n<li><strong>Seveni\u00f1 ar c&#039;hontrad<\/strong> (ezelded, donezon)<\/li>\n\n\n\n<li><strong>Kefridio\u00f9 lezennel<\/strong> war dachenn ar c&#039;honta\u00f1 hag an tailho\u00f9<\/li>\n<\/ul>\n\n\n\n<p>HelloAsso ha PayPal a zo kontrollerien roadenno\u00f9 evit an argerzh paea\u00f1 hag o deus o <strong>politikerezhio\u00f9 prevezded e-unan<\/strong>, a c&#039;houlennomp diganeoc&#039;h mont da welet.<\/p>\n\n\n\n<h3 class=\"wp-block-heading\">2.4. Evezhiadenno\u00f9 war al lec&#039;hienn<\/h3>\n\n\n\n<p><strong>Roadenno\u00f9 dastumet :<\/strong><\/p>\n\n\n\n<ul class=\"wp-block-list\">\n<li>Anv pe anv-pluenn<\/li>\n\n\n\n<li>Chomlec&#039;h postel<\/li>\n\n\n\n<li>Danvez an evezhiadenno\u00f9<\/li>\n\n\n\n<li>Chomlec&#039;h IP (evit abego\u00f9 enep-spamo\u00f9)<\/li>\n<\/ul>\n\n\n\n<p><strong>Palo\u00f9 :<\/strong><\/p>\n\n\n\n<ul class=\"wp-block-list\">\n<li>Rei\u00f1 an tu d&#039;ar weladennerien da zisplega\u00f1 o so\u00f1jo\u00f9 dre evezhiadenno\u00f9<\/li>\n\n\n\n<li>Evit gwaranti\u00f1 ar moderadur hag an diwall ouzh an drougimplij (spam, endalc&#039;hado\u00f9 diouzh al lezenn, hag all)<\/li>\n<\/ul>\n\n\n\n<p><strong>Diazezo\u00f9 lezennel :<\/strong><\/p>\n\n\n\n<ul class=\"wp-block-list\">\n<li><strong>Dedenn reizh<\/strong> a-berzh Ya Breizh evit aesaat un endro da zivizout ha suraat anezha\u00f1<\/li>\n<\/ul>\n\n\n\n<h3 class=\"wp-block-heading\">2.5. Muzulia\u00f1 an arvesterien (Google Analytics 4)<\/h3>\n\n\n\n<p><strong>Roadenno\u00f9 dastumet :<\/strong><\/p>\n\n\n\n<ul class=\"wp-block-list\">\n<li>Roadenno\u00f9 merdei\u00f1 (pajenno\u00f9 gweladennet, kliko\u00f9, padelezh ar weladenn, h.a.)<\/li>\n\n\n\n<li>Anavezerio\u00f9 teknikel (chomlec&#039;h IP berraet\/dizanv, seurt ha stumm ar merdeer, urzhiataer, h.a.)<\/li>\n<\/ul>\n\n\n\n<p><strong>Palo\u00f9 :<\/strong><\/p>\n\n\n\n<ul class=\"wp-block-list\">\n<li>Muzulia\u00f1 an tremen dre al lec&#039;hienn<\/li>\n\n\n\n<li>Gwellaat an endalc&#039;hado\u00f9 hag an implijusted<\/li>\n<\/ul>\n\n\n\n<p><strong>Diazezo\u00f9 lezennel :<\/strong><\/p>\n\n\n\n<ul class=\"wp-block-list\">\n<li><strong>Asant<\/strong> dre ar banniel toupino\u00f9, evit an toupino\u00f9 hag an heulierien n&#039;int ket ret-holl<\/li>\n<\/ul>\n\n\n\n<p>An diskoulm implijet eo <strong>Google Analytics 4 (GA4)<\/strong>. Gallout a rit nac&#039;h an heulierien-ma\u00f1 da bep mare dre ar modul mera\u00f1 toupino\u00f9.<\/p>\n\n\n\n<h3 class=\"wp-block-heading\">2.6. Enrolla\u00f1 teknikel ha surentez<\/h3>\n\n\n\n<p>Evit abego\u00f9 surentez ha gwaranti\u00f1 mont en-dro mat al lec&#039;hienn e c&#039;haller mirout marilho\u00f9 teknikel (chomlec&#039;hio\u00f9 IP, timbro\u00f9 amzer, URLo\u00f9 gweladennet, hag all), dreist-holl gant ar pourvezer herberc&#039;hia\u00f1.<\/p>\n\n\n\n<p><strong>Palo\u00f9 :<\/strong><\/p>\n\n\n\n<ul class=\"wp-block-list\">\n<li>Gwaranti\u00f1 surentez al lec&#039;hienn<\/li>\n\n\n\n<li>Diwall pe dizolei\u00f1 obererezhio\u00f9 drouk<\/li>\n\n\n\n<li>Evit gallout ober un diagnostik e-ke\u00f1ver un darvoud teknikel<\/li>\n<\/ul>\n\n\n\n<p><strong>Diazezo\u00f9 lezennel :<\/strong><\/p>\n\n\n\n<ul class=\"wp-block-list\">\n<li><strong>Dedenn reizh<\/strong> Ya Breizh evit suraat he lec&#039;hienn hag he servijo\u00f9<\/li>\n<\/ul>\n\n\n\n<h2 class=\"wp-block-heading\">3. Amzer mirout roadenno\u00f9<\/h2>\n\n\n\n<p>Mirout a reomp ho roadenno\u00f9 personel e-pad prantado\u00f9 bevennet, diouzh ar palio\u00f9 klasket hag an dleado\u00f9 lezennel.<\/p>\n\n\n\n<ul class=\"wp-block-list\">\n<li><strong>Furmskrido\u00f9 darempred :<\/strong> miret e vez ar roadenno\u00f9 e-pad ur muia\u00f1 <strong>3 bloaz<\/strong> adalek deiziad an darempred diwezha\u00f1, diverket pe dizanv goude-se.<\/li>\n\n\n\n<li><strong>Stummo\u00f9 ar c&#039;homiteo\u00f9 :<\/strong> Miret e vez ar roadenno\u00f9 e-pad padelezh ar perzhded e buhez ar c&#039;homite, ha goude-se e-pad ur <strong>3 bloaz<\/strong> goude ar goulenn eskemm pe tenna\u00f1 diwezha\u00f1.<\/li>\n\n\n\n<li><strong>Kelaouenn (Brevo):<\/strong> Miret e vo ho roadenno\u00f9 betek ma vo digoumanantet. Ma vez diweredekaet e-pad pell e c&#039;hall ho roadenno\u00f9 beza\u00f1 diverket pe dizanv goude ur prantad resis eus <strong>3 bloaz<\/strong>.<\/li>\n\n\n\n<li><strong>Izili ha donezono\u00f9 (HelloAsso &amp; PayPal):<\/strong> Miret e vez ar roadenno\u00f9 ret evit ar c&#039;honta\u00f1 e-pad ar prantad lezennel (dre vras <strong>6 da 10 vloaz<\/strong> (evit an teulio\u00f9 kontadurezh), hervez an obero\u00f9 lezennel.<\/li>\n\n\n\n<li><strong>Evezhiadenno\u00f9 :<\/strong> Gallout a reer mirout an evezhiadenno\u00f9 keit ha ma vo al lec&#039;hienn enlinenn, nemet pa vez goulennet dilemel pe un dlead resis (moderadur, prosez, hag all).<\/li>\n\n\n\n<li><strong>Muzulia\u00f1 an arvesterien (GA4) :<\/strong> miret e vez ar roadenno\u00f9 stadegel e-pad ur prantad dre vras etre <strong>14 ha 26 miz<\/strong>, diouzh arventenno\u00f9 an ostilh.<\/li>\n\n\n\n<li><strong>Kelaouenno\u00f9 teknikel :<\/strong> Miret e vez ar marilho\u00f9 ret evit ar surentez e-pad ur prantad termenet, dre vras <strong>12 miz d&#039;ar muia\u00f1<\/strong>, nemet e degouezhio\u00f9 ezhomm resis.<\/li>\n<\/ul>\n\n\n\n<h2 class=\"wp-block-heading\">4. Degemererien ha iskontrado\u00f9 roadenno\u00f9<\/h2>\n\n\n\n<p>Bevennet-tre eo an doare da vont e darempred gant ar roadenno\u00f9 personel :<\/p>\n\n\n\n<ul class=\"wp-block-list\">\n<li>D\u2019an izili aotreet eus Ya Breizh, e framm o c\u2019hargo\u00f9 (mera\u00f1 al lec\u2019hienno\u00f9, poellgorio\u00f9, kehenti\u00f1, h.a.).<\/li>\n\n\n\n<li>D&#039;hor pourvezerien servijo\u00f9 teknikel ha d&#039;hon iskontrado\u00f9 a ra en hor c&#039;hiz ha hervez hor c&#039;hemennadenno\u00f9 :\n<ul class=\"wp-block-list\">\n<li><strong>TrendyCorp<\/strong> (kempenn ha diorren al lec&#039;hienno\u00f9); ;<\/li>\n\n\n\n<li><strong>OVH<\/strong> (herberc&#039;hia\u00f1 lec&#039;hienno\u00f9); ;<\/li>\n\n\n\n<li><strong>Brevo<\/strong> evit kas al lizher-kelaoui\u00f1 ;<\/li>\n\n\n\n<li><strong>HelloAsso<\/strong> Ha <strong>PayPal<\/strong> evit mera\u00f1 an izili hag ar skoazello\u00f9; ;<\/li>\n\n\n\n<li><strong>Google<\/strong> evit muzulia\u00f1 an arvesterien (Google Analytics 4).<\/li>\n<\/ul>\n<\/li>\n<\/ul>\n\n\n\n<p>Dalc&#039;het eo ar pourvezerien servijo\u00f9-ma\u00f1 d&#039;ur redi kuzh ha ne c&#039;hellont ket, dindan degouezh ebet, implijout ho roadenno\u00f9 evit palio\u00f9 all estreget pourchas servijo\u00f9 evit Yes Breizh.<\/p>\n\n\n\n<p>N&#039;eo ket ar roadenno\u00f9 <strong>biskoazh gwerzhet<\/strong> d&#039;an tredeogo\u00f9.<\/p>\n\n\n\n<h2 class=\"wp-block-heading\">5. Treuzkas roadenno\u00f9 e-maez Unaniezh Europa<\/h2>\n\n\n\n<p>Servijo\u00f9 tredeog zo a implijomp (en o zouez Google Analytics, ha marteze arc&#039;hwelio\u00f9 Brevo pe PayPal zo) a c&#039;hellfe beza\u00f1 <strong>treuzkas roadenno\u00f9 e-maez Unaniezh Europa<\/strong>.<\/p>\n\n\n\n<p>En degouezh-ma\u00f1 e vez renet an treuzkaso\u00f9-se gant mekaniko\u00f9 lezennel dereat (evel ar <strong>klozenno\u00f9 kevrat skoueriek<\/strong> aotreet gant ar C&#039;homissiom europat pe divizo\u00f9 a-fet dereatded), evit gwaranti\u00f1 ur live gwarez dereat evit ho roadenno\u00f9 personel.<\/p>\n\n\n\n<h2 class=\"wp-block-heading\">6. Diogelroez ar roadenno\u00f9<\/h2>\n\n\n\n<p>Emaomp o lakaat e plas <strong>muzulio\u00f9 teknikel hag aozadurel |<\/strong> azasaet evit gwarezi\u00f1 ho roadenno\u00f9 personel a-enep koll, mont e darempred, che\u00f1ch, dizoloi\u00f1 pe distruj hep aotre.<\/p>\n\n\n\n<p>Enna\u00f1 ema\u00f1, dreist-holl :<\/p>\n\n\n\n<ul class=\"wp-block-list\">\n<li>Herberc&#039;hia\u00f1 lec&#039;hienno\u00f9 e <strong>OVH<\/strong>, E Bro-C&#039;hall ;<\/li>\n\n\n\n<li>Bevennet eo mont e-barzh burev-dre\u00f1v al lec&#039;hienn hag an ostilho\u00f9 implijet, miret d&#039;an dud aotreet ;<\/li>\n\n\n\n<li>Hizivaat ingal al lec&#039;hienn hag an astenno\u00f9 ;<\/li>\n\n\n\n<li>Implijout gerio\u00f9-tremen kre\u00f1v ha, pa vez tu, gwiriekaat div faktor.<\/li>\n<\/ul>\n\n\n\n<h2 class=\"wp-block-heading\">7. Ho gwirio\u00f9 a-zivout ho roadenno\u00f9<\/h2>\n\n\n\n<p>Hervez ar Reolenn hollek war gwarezi\u00f1 ar roadenno\u00f9 (GDPR) hag al lezenn c&#039;hall war gwarezi\u00f1 ar roadenno\u00f9, hoc&#039;h eus ar gwirio\u00f9 da-heul evit a sell ouzh ho roadenno\u00f9 personel :<\/p>\n\n\n\n<ul class=\"wp-block-list\">\n<li><strong>Gwir da vont e-barzh<\/strong> : evit kaout kadarnaat e vez treuzkaset ar roadenno\u00f9 a denn deoc&#039;h ha, pa vez ezhomm, evit resev un eiladenn anezho ;<\/li>\n\n\n\n<li><strong>Gwir da reizha\u00f1<\/strong> : goulenn reizha\u00f1 roadenno\u00f9 direizh pe diglok ;<\/li>\n\n\n\n<li><strong>Gwir da ziverka\u00f1<\/strong> : goulenn ma vo diverket ho roadenno\u00f9 e-barzh ar bevenno\u00f9 lakaet gant al lezenn ;<\/li>\n\n\n\n<li><strong>Gwir da enebi\u00f1<\/strong> : enebi\u00f1 ouzh un argerzh resis, dreist-holl ouzh ar marc&#039;hata dre bostel ;<\/li>\n\n\n\n<li><strong>Gwir da vevenn<\/strong> : goulenn ma vo harzet an treta\u00f1 evit ur pennadig ;<\/li>\n\n\n\n<li><strong>Gwir da veza\u00f1 douget<\/strong> : resev ar roadenno\u00f9 hoc&#039;h eus roet en ur stumm frammet, ma vez diazezet an treta\u00f1 war asant pe kevrat ha kaset da benn dre argerzhio\u00f9 emgefreek ;<\/li>\n\n\n\n<li><strong>Gwir da zivizout titouro\u00f9 goude ar marv<\/strong> diwar-benn tonkad ho roadenno\u00f9 goude ho marv.<\/li>\n<\/ul>\n\n\n\n<p>Evit ober gant ho gwirio\u00f9 e c&#039;hallit mont e darempred ganeomp dre ar chomlec&#039;h-ma\u00f1 :<\/p>\n\n\n\n<p><strong>Yes Breizh<\/strong><br>75 straed ar Rody<br>29490 Guipavas \u2013 Bro-C&#039;hall<br>Postel : <a href=\"mailto:darempred@yes.bzh\">darempred@yes.bzh<\/a><\/p>\n\n\n\n<p>Klask a raimp respont d&#039;ho koulenn a-benn ur miz, a c&#039;hell beza\u00f1 astennet e-ke\u00f1ver kemplezhder pe un niver bras a c&#039;houlenno\u00f9.<\/p>\n\n\n\n<p>Ma so\u00f1jit, goude beza\u00f1 bet e darempred ganeomp, n&#039;eo ket bet doujet ouzh ho gwirio\u00f9, e c&#039;hallit kas ur c&#039;hlemm d&#039;ar\u2019<strong>aotrouniezh evezhia\u00f1 barrek<\/strong> :<\/p>\n\n\n\n<p><strong>CNIL<\/strong> \u2013 Kuzul broadel an teknologiezhio\u00f9 kelaoui\u00f1 hag ar frankizo\u00f9<br><a href=\"https:\/\/www.cnil.fr\" target=\"_blank\" rel=\"noreferrer noopener\">https:\/\/www.cnil.fr<\/a><\/p>\n\n\n\n<h2 class=\"wp-block-heading\">8. Toupino\u00f9 ha heulierien<\/h2>\n\n\n\n<p>Implijout toupino\u00f9 ha teknologiezhio\u00f9 heulia\u00f1 all war al lec&#039;hienn a zo sujet da ditouro\u00f9 resis en hor <strong>Politikerezh an toupino\u00f9 \/ Mera\u00f1 an toupino\u00f9<\/strong>, a c&#039;haller mont warni diwar trao\u00f1 al lec&#039;hienn.<\/p>\n\n\n\n<p>Ur banniel asant a aotre ac&#039;hanoc&#039;h da zegemer, nac&#039;ha\u00f1 pe keflunia\u00f1 toupino\u00f9 nann-bouezus da bep mare.<\/p>\n\n\n\n<h2 class=\"wp-block-heading\">9. Emdroadur ar politikerezh brema\u00f1<\/h2>\n\n\n\n<p>Ar politikerezh prevezded-ma\u00f1 a c&#039;hall beza\u00f1 kemmet evit kemer e kont an diorroadur lezennel, reolia\u00f1, teknikel pe aozadurel.<\/p>\n\n\n\n<p>Ma c&#039;hoarvezfe kemmo\u00f9 bras e vo kelaouet ac&#039;hanoc&#039;h dre an doareo\u00f9 dereat. Ar stumm nevesa\u00f1 a gaver atav war ar bajenn-ma\u00f1.<\/p>","protected":false},"excerpt":{"rendered":"<p>Hizivaet da ziwezha\u00f1 : Du 2025 1. Piv a zo karget eus an treta\u00f1 roadenno\u00f9 ? Embannet eo al lec&#039;hienn-ma\u00f1, www.yes.bzh, gant ar gevredigezh : Yes Breizh a ra war-dro merour ar roadenno\u00f9\u2026<\/p>","protected":false},"author":1,"featured_media":0,"parent":0,"menu_order":0,"comment_status":"closed","ping_status":"open","template":"","meta":{"_lmt_disableupdate":"","_lmt_disable":"","footnotes":""},"class_list":["post-3","page","type-page","status-publish","hentry"],"_links":{"self":[{"href":"https:\/\/www.yes.bzh\/br\/wp-json\/wp\/v2\/pages\/3","targetHints":{"allow":["GET"]}}],"collection":[{"href":"https:\/\/www.yes.bzh\/br\/wp-json\/wp\/v2\/pages"}],"about":[{"href":"https:\/\/www.yes.bzh\/br\/wp-json\/wp\/v2\/types\/page"}],"author":[{"embeddable":true,"href":"https:\/\/www.yes.bzh\/br\/wp-json\/wp\/v2\/users\/1"}],"replies":[{"embeddable":true,"href":"https:\/\/www.yes.bzh\/br\/wp-json\/wp\/v2\/comments?post=3"}],"version-history":[{"count":3,"href":"https:\/\/www.yes.bzh\/br\/wp-json\/wp\/v2\/pages\/3\/revisions"}],"predecessor-version":[{"id":1157,"href":"https:\/\/www.yes.bzh\/br\/wp-json\/wp\/v2\/pages\/3\/revisions\/1157"}],"wp:attachment":[{"href":"https:\/\/www.yes.bzh\/br\/wp-json\/wp\/v2\/media?parent=3"}],"curies":[{"name":"ur gwerennad dour","href":"https:\/\/api.w.org\/{rel}","templated":true}]}}